{"id":1297,"date":"2022-10-27T16:59:32","date_gmt":"2022-10-27T14:59:32","guid":{"rendered":"https:\/\/www.aurolia.de\/?page_id=1297"},"modified":"2025-04-25T11:16:18","modified_gmt":"2025-04-25T09:16:18","slug":"anwendungsbereich-wehrtechnik","status":"publish","type":"page","link":"https:\/\/www.aurolia.de\/en\/anwendungsbereich-wehrtechnik\/","title":{"rendered":"Anwendungsbereich Wehrtechnik"},"content":{"rendered":"<p>[vc_row][vc_column][vc_row_inner el_class=\u201dpage-inner\u201d][vc_column_inner][vc_empty_space height=\u201d120px\u201d][vc_wp_custommenu nav_menu=\u201d5\u2033][vc_empty_space height=\u201d60px\u201d][vc_column_text]<\/p>\n<h1>Military Technology<\/h1>\n<p>[\/vc_column_text][vc_empty_space][\/vc_column_inner][\/vc_row_inner][vc_row_inner el_class=\u201dpage-inner\u201d][vc_column_inner width=\u201d2\/3\u2033][vc_column_text]Hardly any attribute is as crucial in products for defence technology as reliability. The surface plays a significant role in contributing to this. It protects the material, ensuring longevity even under heavy stress. Wear resistance and corrosion protection demand precise workmanship. Our highly standardized processes ensure excellent reproducibility, providing you with the confidence to rely on our surfaces.[\/vc_column_text][vc_empty_space][vc_column_text]<\/p>\n<h2>What we can do for you<\/h2>\n<p>[\/vc_column_text][vc_column_text]Our reinforced surfaces enhance the durability of your product, providing a genuine competitive advantage. With our robust performance, we can maintain short lead times even for high volumes. Our coating processes are applicable to many materials typical in defence technology, contributing to the improvement of your products and actively fostering your business success![\/vc_column_text][\/vc_column_inner][vc_column_inner width=\u201d1\/3\u2033][vc_single_image image=\u201d1397\u2033 img_size=\u201d400\u00d7400\u2033 alignment=\u201dright\u201d][\/vc_column_inner][\/vc_row_inner][\/vc_column][\/vc_row][vc_row][vc_column][vc_empty_space height=\u201d100px\u201d][vc_row_inner el_class=\u201dpage-inner mobile\u201d][vc_column_inner][vc_column_text]Anodizing\/refining ammunition for the defence industry[\/vc_column_text][vc_empty_space][\/vc_column_inner][\/vc_row_inner][vc_row_inner el_class=\u201dpage-inner\u201d][vc_column_inner width=\u201d1\/4\u2033 css=\u201d.vc_custom_1674241064804{margin-right: 15px !important;}\u201d][vc_single_image image=\u201d1527\u2033 img_size=\u201dmedium\u201d alignment=\u201dcenter\u201d][vc_single_image image=\u201d1526\u2033 img_size=\u201dmedium\u201d alignment=\u201dcenter\u201d][\/vc_column_inner][vc_column_inner width=\u201d3\/4\u2033][vc_column_text el_class=\u201ddesktop desktop-landscape\u201d]<\/p>\n<h2>Anodizing\/refining ammunition for the defence industry<\/h2>\n<p>[\/vc_column_text][vc_empty_space][vc_column_text]Anodizing, hard anodizing or chemical nickel plating \u2013 whether it\u2019s ammunition, riflescopes, silencers or other firearm accessories, Aurolia is your reliable partner when it comes to getting everything right.<\/p>\n<p>\u00a0<\/p>\n<p>We anodize ammunition especially for the defence industry. By coating ammunition (anodizing ammunition), we achieve greater precision and resistance to environmental influences.<\/p>\n<p>\u00a0<\/p>\n<p>Our processes reduce the discrepancy between the target mark in the sight picture and the actual hit position of the bullet. We not only increase the accuracy, but also the range of the bullet.[\/vc_column_text][\/vc_column_inner][\/vc_row_inner][\/vc_column][\/vc_row][vc_row][vc_column][vc_empty_space height=\u201d64px\u201d][vc_row_inner el_class=\u201dpage-inner\u201d][vc_column_inner width=\u201d1\/3\u2033][\/vc_column_inner][vc_column_inner width=\u201d1\/3\u2033][vc_raw_html]JTNDZGl2JTIwaWQlM0QlMjJmb3JtMSUyMiUyMGNsYXNzJTNEJTIybW9kYWwlMjIlM0UlNUJjb250YWN0LWZvcm0tNyUyMGlkJTNEJTIyMTUzNiUyMiUyMHRpdGxlJTNEJTIyUiVDMyVCQ2NrcnVmJTIyJTVEJTNDJTJGZGl2JTNFJTBBJTNDZGl2JTIwY2xhc3MlM0QlMjJ2Y19idG4zLWNvbnRhaW5lciUyMCUyMGJ0biUyMHJvdCUyMHZjX2J0bjMtY2VudGVyJTIyJTNFJTNDYSUyMGhyZWYlM0QlMjIlMjNmb3JtMSUyMiUyMHJlbCUzRCUyMm1vZGFsJTNBb3BlbiUyMiUzRVBsZWFzZSUyMGNhbGwlMjB1cyUzQyUyRmElM0UlM0MlMkZkaXYlM0U=[\/vc_raw_html][\/vc_column_inner][vc_column_inner width=\u201d1\/3\u2033][\/vc_column_inner][\/vc_row_inner][\/vc_column][\/vc_row]<\/p>\n","protected":false},"excerpt":{"rendered":"<p>[vc_row][vc_column][vc_row_inner el_class=\u201dpage-inner\u201d][vc_column_inner][vc_empty_space height=\u201d120px\u201d][vc_wp_custommenu nav_menu=\u201d5\u2033][vc_empty_space height=\u201d60px\u201d][vc_column_text] Military Technology [\/vc_column_text][vc_empty_space][\/vc_column_inner][\/vc_row_inner][vc_row_inner el_class=\u201dpage-inner\u201d][vc_column_inner width=\u201d2\/3\u2033][vc_column_text]Hardly any attribute is as crucial in products for defence technology as reliability. The surface plays a significant role in contributing to this. It protects the material, ensuring longevity even under heavy stress. Wear resistance and corrosion protection demand precise workmanship. Our highly standardized processes ensure&hellip; <a class=\"more-link\" href=\"https:\/\/www.aurolia.de\/en\/anwendungsbereich-wehrtechnik\/\">Continue reading <span class=\"screen-reader-text\">Anwendungsbereich Wehrtechnik<\/span><\/a><\/p>\n","protected":false},"author":2,"featured_media":0,"parent":0,"menu_order":0,"comment_status":"closed","ping_status":"closed","template":"","meta":{"footnotes":""},"class_list":["post-1297","page","type-page","status-publish","hentry","entry"],"yoast_head":"<!-- This site is optimized with the Yoast SEO plugin v27.4 - https:\/\/yoast.com\/product\/yoast-seo-wordpress\/ -->\n<title>Reliable surfaces for defense technology \u2013 robust &amp; precise.<\/title>\n<meta name=\"description\" content=\"We manufacture wear-resistant and corrosion-protected surfaces for defense technology \u2013 precise and durable.\" \/>\n<meta name=\"robots\" content=\"index, follow, max-snippet:-1, max-image-preview:large, max-video-preview:-1\" \/>\n<link rel=\"canonical\" href=\"https:\/\/www.aurolia.de\/en\/anwendungsbereich-wehrtechnik\/\" \/>\n<meta property=\"og:locale\" content=\"en_GB\" \/>\n<meta property=\"og:locale:alternate\" content=\"de_DE\" \/>\n<meta property=\"og:type\" content=\"article\" \/>\n<meta property=\"og:title\" content=\"Reliable surfaces for defense technology \u2013 robust &amp; precise.\" \/>\n<meta property=\"og:description\" content=\"We manufacture wear-resistant and corrosion-protected surfaces for defense technology \u2013 precise and durable.\" \/>\n<meta property=\"og:url\" content=\"https:\/\/www.aurolia.de\/en\/anwendungsbereich-wehrtechnik\/\" \/>\n<meta property=\"og:site_name\" content=\"Aurolia\" \/>\n<meta property=\"article:modified_time\" content=\"2025-04-25T09:16:18+00:00\" \/>\n<meta property=\"og:image\" content=\"https:\/\/www.aurolia.de\/wp-content\/uploads\/2022\/06\/galvanische-meisterwerke-min.jpg\" \/>\n\t<meta property=\"og:image:width\" content=\"525\" \/>\n\t<meta property=\"og:image:height\" content=\"500\" \/>\n\t<meta property=\"og:image:type\" content=\"image\/jpeg\" \/>\n<meta name=\"twitter:card\" content=\"summary_large_image\" \/>\n<meta name=\"twitter:label1\" content=\"Estimated reading time\" \/>\n\t<meta name=\"twitter:data1\" content=\"3 minutes\" \/>\n<!-- \/ Yoast SEO plugin. -->","yoast_head_json":{"title":"Reliable surfaces for defense technology \u2013 robust & precise.","description":"We manufacture wear-resistant and corrosion-protected surfaces for defense technology \u2013 precise and durable.","robots":{"index":"index","follow":"follow","max-snippet":"max-snippet:-1","max-image-preview":"max-image-preview:large","max-video-preview":"max-video-preview:-1"},"canonical":"https:\/\/www.aurolia.de\/en\/anwendungsbereich-wehrtechnik\/","og_locale":"en_GB","og_type":"article","og_title":"[:de]Zuverl\u00e4ssige Oberfl\u00e4chen f\u00fcr die Wehrtechnik \u2013 robust & pr\u00e4zise[:en]Reliable surfaces for defense technology \u2013 robust & precise.[:]","og_description":"[:de]Wir fertigen verschlei\u00dffeste und korrosionsgesch\u00fctzte Oberfl\u00e4chen f\u00fcr die Wehrtechnik \u2013 pr\u00e4zise und langlebig.[:en]We manufacture wear-resistant and corrosion-protected surfaces for defense technology \u2013 precise and durable.[:]","og_url":"https:\/\/www.aurolia.de\/en\/anwendungsbereich-wehrtechnik\/","og_site_name":"Aurolia","article_modified_time":"2025-04-25T09:16:18+00:00","og_image":[{"width":525,"height":500,"url":"https:\/\/www.aurolia.de\/wp-content\/uploads\/2022\/06\/galvanische-meisterwerke-min.jpg","type":"image\/jpeg"}],"twitter_card":"summary_large_image","twitter_misc":{"Estimated reading time":"3 minutes"},"schema":{"@context":"https:\/\/schema.org","@graph":[{"@type":"WebPage","@id":"https:\/\/www.aurolia.de\/anwendungsbereich-wehrtechnik\/","url":"https:\/\/www.aurolia.de\/anwendungsbereich-wehrtechnik\/","name":"Reliable surfaces for defense technology \u2013 robust & precise.","isPartOf":{"@id":"https:\/\/www.aurolia.de\/#website"},"datePublished":"2022-10-27T14:59:32+00:00","dateModified":"2025-04-25T09:16:18+00:00","description":"We manufacture wear-resistant and corrosion-protected surfaces for defense technology \u2013 precise and durable.","inLanguage":"en-GB","potentialAction":[{"@type":"ReadAction","target":["https:\/\/www.aurolia.de\/anwendungsbereich-wehrtechnik\/"]}]},{"@type":"WebSite","@id":"https:\/\/www.aurolia.de\/#website","url":"https:\/\/www.aurolia.de\/","name":"Aurolia","description":"Technologies","publisher":{"@id":"https:\/\/www.aurolia.de\/#organization"},"potentialAction":[{"@type":"SearchAction","target":{"@type":"EntryPoint","urlTemplate":"https:\/\/www.aurolia.de\/?s={search_term_string}"},"query-input":{"@type":"PropertyValueSpecification","valueRequired":true,"valueName":"search_term_string"}}],"inLanguage":"en-GB"},{"@type":"Organization","@id":"https:\/\/www.aurolia.de\/#organization","name":"Aurolia","url":"https:\/\/www.aurolia.de\/","logo":{"@type":"ImageObject","inLanguage":"en-GB","@id":"https:\/\/www.aurolia.de\/#\/schema\/logo\/image\/","url":"https:\/\/www.aurolia.de\/wp-content\/uploads\/2022\/05\/cropped-logo.png","contentUrl":"https:\/\/www.aurolia.de\/wp-content\/uploads\/2022\/05\/cropped-logo.png","width":815,"height":408,"caption":"Aurolia"},"image":{"@id":"https:\/\/www.aurolia.de\/#\/schema\/logo\/image\/"}}]}},"_links":{"self":[{"href":"https:\/\/www.aurolia.de\/en\/wp-json\/wp\/v2\/pages\/1297","targetHints":{"allow":["GET"]}}],"collection":[{"href":"https:\/\/www.aurolia.de\/en\/wp-json\/wp\/v2\/pages"}],"about":[{"href":"https:\/\/www.aurolia.de\/en\/wp-json\/wp\/v2\/types\/page"}],"author":[{"embeddable":true,"href":"https:\/\/www.aurolia.de\/en\/wp-json\/wp\/v2\/users\/2"}],"replies":[{"embeddable":true,"href":"https:\/\/www.aurolia.de\/en\/wp-json\/wp\/v2\/comments?post=1297"}],"version-history":[{"count":0,"href":"https:\/\/www.aurolia.de\/en\/wp-json\/wp\/v2\/pages\/1297\/revisions"}],"wp:attachment":[{"href":"https:\/\/www.aurolia.de\/en\/wp-json\/wp\/v2\/media?parent=1297"}],"curies":[{"name":"wp","href":"https:\/\/api.w.org\/{rel}","templated":true}]}}