{"id":1638,"date":"2023-08-14T12:50:22","date_gmt":"2023-08-14T10:50:22","guid":{"rendered":"https:\/\/www.aurolia.de\/?page_id=1638"},"modified":"2026-02-06T15:48:58","modified_gmt":"2026-02-06T14:48:58","slug":"das-neue-werk","status":"publish","type":"page","link":"https:\/\/www.aurolia.de\/en\/das-neue-werk\/","title":{"rendered":"das-neue-werk"},"content":{"rendered":"<p>[vc_row el_class=\u201dpage-inner\u201d][vc_column][vc_single_image image=\u201d3390\u2033 img_size=\u201dfull\u201d alignment=\u201dcenter\u201d][vc_empty_space height=\u201d60px\u201d][vc_row_inner el_class=\u201dpage-inner\u201d][vc_column_inner][vc_column_text]<\/p>\n<h1 style=\"text-align: center;\">Aurolia \u2013 the New Facility<\/h1>\n<p>[\/vc_column_text][vc_empty_space height=\u201d60px\u201d][vc_column_text]<\/p>\n<h3 style=\"text-align: center;\">Imagine a world without friction and wear.<\/h3>\n<p>[\/vc_column_text][vc_single_image image=\u201d1701\u2033 img_size=\u201dmedium\u201d alignment=\u201dcenter\u201d][vc_empty_space height=\u201d120px\u201d][vc_column_text]<\/p>\n<h2 style=\"text-align: center;\"><strong>Are you ready for Galvanization 4.0?<\/strong><\/h2>\n<p>[\/vc_column_text][vc_empty_space height=\u201d60px\u201d][\/vc_column_inner][\/vc_row_inner][vc_row_inner el_class=\u201dpage-inner\u201d][vc_column_inner width=\u201d1\/2\u2033][vc_empty_space height=\u201d60px\u201d][vc_column_text]<\/p>\n<h2><strong>THIS VISION<\/strong><\/h2>\n<p>[\/vc_column_text][vc_column_text]<\/p>\n<h3><strong>DRIVES US!<\/strong><\/h3>\n<p>[\/vc_column_text][vc_column_text]It drives us to continuously develop our processes and push the boundaries of what is possible with electroplating.[\/vc_column_text][\/vc_column_inner][vc_column_inner width=\u201d1\/2\u2033][vc_single_image image=\u201d2362\u2033 img_size=\u201dfull\u201d][\/vc_column_inner][\/vc_row_inner][vc_empty_space height=\u201d30px\u201d][vc_row_inner el_class=\u201dpage-inner\u201d][vc_column_inner width=\u201d2\/5\u2033][\/vc_column_inner][vc_column_inner width=\u201d3\/5\u2033][vc_column_text]<\/p>\n<p style=\"text-align: right;\">Always at the forefront are the immediate challenges of our customers. Solving your problems drives the evolution of our services. Keeping abreast of industry developments, with innovative approaches from surface technology for the success of your products.<\/p>\n<p>[\/vc_column_text][vc_column_text]<\/p>\n<h2 style=\"text-align: right;\"><strong>YOUR CHALLENGES<br \/>\nDRIVE US FORWARD.<\/strong><\/h2>\n<p>[\/vc_column_text][vc_column_text]<\/p>\n<h3 style=\"text-align: right;\"><strong>OUR SOLUTIONS ARE YOUR COMPETITIVE ADVANTAGE.<\/strong><\/h3>\n<p>[\/vc_column_text][\/vc_column_inner][\/vc_row_inner][vc_empty_space height=\u201d90px\u201d][\/vc_column][\/vc_row][vc_row el_class=\u201dpage-inner\u201d][vc_column][vc_empty_space height=\u201d60px\u201d][vc_row_inner el_class=\u201dpage-inner\u201d][vc_column_inner width=\u201d1\/3\u2033][vc_column_text]<\/p>\n<h3><strong>CO\u2082-NEUTRAL<\/strong><\/h3>\n<p>[\/vc_column_text][vc_column_text]Clear corporate ethics promote and demand sustainable interaction with people and the environment \u2014 including certified CO\u2082 neutrality.[\/vc_column_text][vc_empty_space height=\u201d80px\u201d][vc_column_text]<\/p>\n<h3><strong>AUTOMATED.\u00a0<\/strong><\/h3>\n<p>[\/vc_column_text][vc_column_text]Assembly, coating, quality control, packaging, and documentation are done completely automatically.[\/vc_column_text][\/vc_column_inner][vc_column_inner width=\u201d1\/3\u2033 css=\u201d.vc_custom_1692011282328{border-left-width: 50px !important;padding-left: 50px !important;}\u201d][vc_column_text]<\/p>\n<h3><strong>DIGITIZED.<\/strong><\/h3>\n<p>[\/vc_column_text][vc_column_text]AI-driven production planning system,<br \/>\nCustomer portal with CAD-based order configurator and comprehensive product tracking.[\/vc_column_text][vc_empty_space height=\u201d80px\u201d][vc_column_text]<\/p>\n<h3><strong>EFFICIENT.<\/strong><\/h3>\n<p>[\/vc_column_text][vc_column_text]<\/p>\n<p style=\"text-align: left;\">State-of-the-art robotics maximize process productivity and minimize resource and energy consumption per coated part.<\/p>\n<p>[\/vc_column_text][\/vc_column_inner][vc_column_inner width=\u201d1\/3\u2033][vc_single_image image=\u201d1717\u2033 img_size=\u201dfull\u201d][\/vc_column_inner][\/vc_row_inner][vc_empty_space height=\u201d30px\u201d][vc_column_text el_class=\u201dpage-inner\u201d]The new on-site environmental technology features state-of-the-art wastewater and fresh water treatment. This allows raw materials to be returned to the cycle and reused. Thanks to ergonomic workplace design and the 3-in-2 shift system, the new plant enables a quantum leap in terms of employee sustainability. A sixfold increase in productivity, combined with significantly improved working conditions and complete carbon neutrality: <em><strong>We\u2019ve got it.<\/strong><\/em>[\/vc_column_text][\/vc_column][\/vc_row][vc_row][vc_column][vc_empty_space height=\u201d60px\u201d][vc_row_inner el_class=\u201dpage-inner\u201d][vc_column_inner][vc_column_text]<\/p>\n<h3>Newsticker<\/h3>\n<p>[\/vc_column_text][\/vc_column_inner][\/vc_row_inner][vc_empty_space height=\u201d30px\u201d][vc_row_inner el_class=\u201dboxen-2 page-inner\u201d][vc_column_inner el_class=\u201dbox-3\u2033 width=\u201d1\/3\u2033][vc_single_image image=\u201d1909\u2033 img_size=\u201dfull\u201d alignment=\u201dcenter\u201d][\/vc_column_inner][vc_column_inner el_class=\u201dbox-3 desktop\u201d width=\u201d1\/3\u2033][vc_empty_space height=\u201d12px\u201d][\/vc_column_inner][vc_column_inner el_class=\u201dbox-3\u2033 width=\u201d1\/3\u2033][vc_single_image image=\u201d2365\u2033 img_size=\u201d\u201d el_class=\u201dpopmake-3347\u2033][vc_empty_space height=\u201d12px\u201d][vc_column_text]<\/p>\n<p style=\"text-align: left;\">February 6, 2026<\/p>\n<p>[\/vc_column_text][vc_empty_space height=\u201d12px\u201d][vc_column_text]<\/p>\n<h3 style=\"text-align: left;\">Digital factory tour<\/h3>\n<p>[\/vc_column_text][vc_empty_space height=\u201d12px\u201d][vc_column_text]For 2027\/2028, the realization of a state-of-the-art plating plant is planned. The site and design are secured, with a 3D visualization providing initial insights.[\/vc_column_text][vc_empty_space height=\u201d50px\u201d][vc_btn title=\u201dLEARN MORE\u201d style=\u201dflat\u201d align=\u201dcenter\u201d el_class=\u201dbtn-box-2\u2033 link=\u201durl:https%3A%2F%2Fwww.aurolia.de%2Fen%2Fnews-digitale-werksfuehrung%2F|title:news-neues-werk\u201d][\/vc_column_inner][\/vc_row_inner][vc_empty_space height=\u201d30px\u201d][vc_row_inner el_class=\u201dboxen-2 page-inner\u201d][vc_column_inner el_class=\u201dbox-3\u2033 width=\u201d1\/3\u2033][vc_single_image image=\u201d1838\u2033 img_size=\u201dfull\u201d alignment=\u201dcenter\u201d][vc_empty_space height=\u201d12px\u201d][vc_column_text]<\/p>\n<p style=\"text-align: left;\">26th of September 2023<\/p>\n<p>[\/vc_column_text][vc_empty_space height=\u201d12px\u201d][vc_column_text]<\/p>\n<h3 style=\"text-align: left;\">Approval process is underway<\/h3>\n<p>[\/vc_column_text][vc_empty_space height=\u201d12px\u201d][vc_column_text]<\/p>\n<p style=\"text-align: left;\">Aurolia plans to establish permit-required facilities according to the Federal Immission Control Act (BImSchG) at the new location in ITT Th\u00fcringer Tor.<\/p>\n<p>[\/vc_column_text][vc_empty_space height=\u201d65px\u201d][vc_btn title=\u201dLEARN MORE\u201d style=\u201dflat\u201d align=\u201dcenter\u201d el_class=\u201dbtn-box-2\u2033 link=\u201durl:https%3A%2F%2Fwww.aurolia.de%2Fnews-genehmigungsverfahren%2F|title:news-genehmigungsverfahren\u201d][\/vc_column_inner][vc_column_inner el_class=\u201dbox-3\u2033 width=\u201d1\/3\u2033][vc_single_image image=\u201d1836\u2033 img_size=\u201dfull\u201d alignment=\u201dcenter\u201d][vc_empty_space height=\u201d12px\u201d][vc_column_text]<\/p>\n<p style=\"text-align: left;\">3rd of September 2023<\/p>\n<p>[\/vc_column_text][vc_empty_space height=\u201d12px\u201d][vc_column_text]<\/p>\n<h3 style=\"text-align: left;\">Energy concept close to completion<\/h3>\n<p>[\/vc_column_text][vc_empty_space height=\u201d12px\u201d][vc_column_text]<\/p>\n<p style=\"text-align: left;\">\u201cDependence on CO2 neutrality energy concept is nearing completion.\u201d<\/p>\n<p style=\"text-align: left;\">The transformation of Germany into a carbon-neutral industrial nation is a central structural challenge of our time.<\/p>\n<p>[\/vc_column_text][vc_empty_space height=\u201d30px\u201d][vc_btn title=\u201dLEARN MORE\u201d style=\u201dflat\u201d align=\u201dcenter\u201d el_class=\u201dbtn-box-2\u2033 link=\u201durl:https%3A%2F%2Fwww.aurolia.de%2Fnews-co2%2F|title:news-co2\u2033][\/vc_column_inner][vc_column_inner el_class=\u201dbox-3\u2033 width=\u201d1\/3\u2033][vc_single_image image=\u201d1837\u2033 img_size=\u201dfull\u201d alignment=\u201dcenter\u201d][vc_empty_space height=\u201d12px\u201d][vc_column_text]<\/p>\n<p style=\"text-align: left;\">30 th of August 2023<\/p>\n<p>[\/vc_column_text][vc_empty_space height=\u201d12px\u201d][vc_column_text]<\/p>\n<h3 style=\"text-align: left;\">Archaeological report<\/h3>\n<p>[\/vc_column_text][vc_empty_space height=\u201d12px\u201d][vc_column_text]<\/p>\n<p style=\"text-align: left;\">\u201cArchaeological assessment successfully completed\u201d \u2013 As our construction site is located in an archaeologically significant area, as a resident company of the Free State of Thuringia, we are obligated to undergo an archaeological assessment.<\/p>\n<p>[\/vc_column_text][vc_empty_space height=\u201d24px\u201d][vc_btn title=\u201dLEARN MORE\u201d style=\u201dflat\u201d align=\u201dcenter\u201d el_class=\u201dbtn-box-2\u2033 link=\u201durl:https%3A%2F%2Fwww.aurolia.de%2Farchaelogie%2F|title:news-neues-werk\u201d][\/vc_column_inner][\/vc_row_inner][\/vc_column][\/vc_row][vc_row el_class=\u201dpage-inner\u201d][vc_column][vc_empty_space height=\u201d60px\u201d][vc_row_inner el_class=\u201dpage-inner\u201d][vc_column_inner width=\u201d2\/3\u2033][vc_column_text]<\/p>\n<h2><strong>UNIQUE WORLDWIDE,<\/strong><\/h2>\n<p>[\/vc_column_text][vc_column_text]<\/p>\n<h3><strong>FULLY AUTOMATED ANODIZING PLANT<\/strong><\/h3>\n<p>[\/vc_column_text][vc_column_text]Enhances over 200 different aluminum alloys<br \/>\nFrom highly decorative to highly technical<br \/>\nGoods window of 2,400\u00d71,200 mm<br \/>\nGoods capacity of up to 5.8 m\u00b2 per carrier<br \/>\nLayer thickness up to 200 \u03bcm<br \/>\nHardness of up to 1,000 HV[\/vc_column_text][vc_empty_space height=\u201d80px\u201d][\/vc_column_inner][vc_column_inner width=\u201d1\/3\u2033 css=\u201d.vc_custom_1692011282328{border-left-width: 50px !important;padding-left: 50px !important;}\u201d][vc_empty_space height=\u201d90px\u201d][vc_column_text]<\/p>\n<h3><strong>WHAT ELSE WE CAN DO<\/strong><\/h3>\n<p>[\/vc_column_text][vc_column_text]Passivating<\/p>\n<p>Mechanical surface finishing<\/p>\n<p>Laser marking<\/p>\n<p>Prototype and initial sample processing<\/p>\n<p>Development and construction of custom material carriers[\/vc_column_text][vc_empty_space height=\u201d60px\u201d][\/vc_column_inner][\/vc_row_inner][\/vc_column][\/vc_row][vc_row el_class=\u201dpage-inner\u201d][vc_column][vc_empty_space height=\u201d30px\u201d][vc_row_inner el_class=\u201dpage-inner\u201d][vc_column_inner width=\u201d2\/3\u2033][vc_column_text]<\/p>\n<h2><strong>HIGHLY FLEXIBLE<\/strong><\/h2>\n<p>[\/vc_column_text][vc_column_text]<\/p>\n<h3><strong>CHEMICAL NICKEL PLANT<\/strong><\/h3>\n<p>[\/vc_column_text][vc_column_text]Various final coatings (tin, gold, silver) feasible<br \/>\nMany additional product properties possible<br \/>\nGoods window of 1,200\u00d7800 mm<br \/>\nGoods capacity of up to 1.9 m\u00b2 per goods carrier<br \/>\nClose tolerances of +\/- 2 \u03bcm[\/vc_column_text][vc_empty_space height=\u201d80px\u201d][\/vc_column_inner][vc_column_inner width=\u201d1\/3\u2033 css=\u201d.vc_custom_1692011282328{border-left-width: 50px !important;padding-left: 50px !important;}\u201d][vc_empty_space height=\u201d90px\u201d][vc_column_text]<\/p>\n<h3><strong>WHICH MATERIALS WE ENHANCE<\/strong><\/h3>\n<p>[\/vc_column_text][vc_column_text]Aluminum<\/p>\n<p>Steel<\/p>\n<p>Stainless steel<\/p>\n<p>Gray cast iron<\/p>\n<p>Non-ferrous metals[\/vc_column_text][vc_empty_space height=\u201d60px\u201d][\/vc_column_inner][\/vc_row_inner][\/vc_column][\/vc_row][vc_row disable_element=\u201dyes\u201d el_class=\u201dpage-inner\u201d][vc_column][vc_empty_space height=\u201d60px\u201d][vc_row_inner el_class=\u201dpage-inner\u201d][vc_column_inner width=\u201d1\/2\u2033][vc_column_text]<\/p>\n<h2><strong>ERHABENE OPTIK,<\/strong><\/h2>\n<h2><strong>HAPTIK, LANGLEBIGKEIT:<\/strong><\/h2>\n<h2><em><strong>selbstverst\u00e4ndlich.<\/strong><\/em><\/h2>\n<p>[\/vc_column_text][vc_empty_space height=\u201d80px\u201d][\/vc_column_inner][vc_column_inner width=\u201d1\/2\u2033 css=\u201d.vc_custom_1692011282328{border-left-width: 50px !important;padding-left: 50px !important;}\u201d][vc_empty_space height=\u201d30px\u201d][vc_column_text]Aber sind das schon alle Anspr\u00fcche, die Sie an Ihre Oberfl\u00e4che haben? Die modernsten Galvanikanlagen Europas k\u00f6nnen viel mehr als nur das.[\/vc_column_text][vc_column_text]<\/p>\n<ul>\n<li><em><strong>Elektrisch oder magnetisch isolierend.<\/strong><\/em><\/li>\n<li><em><strong>Stark verbesserte Gleiteigenschaften.<\/strong><\/em><\/li>\n<li><em><strong>Lotus\u00e4hnlicher Selbstreinigungseffekt.<\/strong><\/em><\/li>\n<li><em><strong>Minimierte Lichtreflexion.<\/strong><\/em><\/li>\n<\/ul>\n<p>[\/vc_column_text][vc_column_text]Sie <em><strong>definieren die Anforderungen<\/strong> an Ihre Oberfl\u00e4che,<br \/>\nwir entwickeln den daf\u00fcr n\u00f6tigen Prozess.<\/em>[\/vc_column_text][\/vc_column_inner][\/vc_row_inner][\/vc_column][\/vc_row][vc_row el_class=\u201dpage-inner\u201d][vc_column][vc_single_image image=\u201d2066\u2033 img_size=\u201dfull\u201d alignment=\u201dcenter\u201d][\/vc_column][\/vc_row][vc_row el_class=\u201dpage-inner\u201d][vc_column][vc_empty_space height=\u201d60px\u201d][vc_row_inner el_class=\u201dpage-inner\u201d][vc_column_inner][vc_column_text]<\/p>\n<h2><strong>SECURE CAPACITIES<\/strong><\/h2>\n<p>[\/vc_column_text][vc_column_text]<\/p>\n<h3><strong>AND BE PART OF IT AT THE START OF THE FIRST QUARTER OF 2025!<\/strong><\/h3>\n<p>[\/vc_column_text][vc_column_text]<\/p>\n<h3><strong>CURRENTLY, SAMPLING IS TAKING PLACE.<\/strong><\/h3>\n<p>[\/vc_column_text][vc_empty_space height=\u201d90px\u201d][\/vc_column_inner][\/vc_row_inner][vc_row_inner][vc_column_inner width=\u201d1\/3\u2033][vc_empty_space height=\u201d20px\u201d][\/vc_column_inner][vc_column_inner width=\u201d1\/3\u2033][vc_btn title=\u201dREQUEST YOUR SAMPLE NOW.\u201d style=\u201dflat\u201d align=\u201dcenter\u201d css_animation=\u201dbounceIn\u201d link=\u201durl:mailto%3Ainfo%40aurolia.de\u201d el_class=\u201dbtn btn-blau\u201d][\/vc_column_inner][vc_column_inner width=\u201d1\/3\u2033][vc_empty_space height=\u201d20px\u201d][\/vc_column_inner][\/vc_row_inner][vc_empty_space height=\u201d20px\u201d][vc_row_inner][vc_column_inner][vc_single_image image=\u201d1752\u2033 img_size=\u201dfull\u201d alignment=\u201dcenter\u201d el_class=\u201dpage-inner\u201d][\/vc_column_inner][\/vc_row_inner][\/vc_column][\/vc_row]<\/p>\n","protected":false},"excerpt":{"rendered":"<p>[vc_row el_class=\u201dpage-inner\u201d][vc_column][vc_single_image image=\u201d3390\u2033 img_size=\u201dfull\u201d alignment=\u201dcenter\u201d][vc_empty_space height=\u201d60px\u201d][vc_row_inner el_class=\u201dpage-inner\u201d][vc_column_inner][vc_column_text] Aurolia \u2013 the New Facility [\/vc_column_text][vc_empty_space height=\u201d60px\u201d][vc_column_text] Imagine a world without friction and wear. [\/vc_column_text][vc_single_image image=\u201d1701\u2033 img_size=\u201dmedium\u201d alignment=\u201dcenter\u201d][vc_empty_space height=\u201d120px\u201d][vc_column_text] Are you ready for Galvanization 4.0? [\/vc_column_text][vc_empty_space height=\u201d60px\u201d][\/vc_column_inner][\/vc_row_inner][vc_row_inner el_class=\u201dpage-inner\u201d][vc_column_inner width=\u201d1\/2\u2033][vc_empty_space height=\u201d60px\u201d][vc_column_text] THIS VISION [\/vc_column_text][vc_column_text] DRIVES US! [\/vc_column_text][vc_column_text]It drives us to continuously develop our processes and push the boundaries of&hellip; <a class=\"more-link\" href=\"https:\/\/www.aurolia.de\/en\/das-neue-werk\/\">Continue reading <span class=\"screen-reader-text\">das-neue-werk<\/span><\/a><\/p>\n","protected":false},"author":2,"featured_media":0,"parent":0,"menu_order":0,"comment_status":"closed","ping_status":"closed","template":"","meta":{"footnotes":""},"class_list":["post-1638","page","type-page","status-publish","hentry","entry"],"yoast_head":"<!-- This site is optimized with the Yoast SEO plugin v27.4 - https:\/\/yoast.com\/product\/yoast-seo-wordpress\/ -->\n<title>Electroplating 4.0 at Aurolia \u2013 CO2-neutral, automated &amp; efficient.<\/title>\n<meta name=\"description\" content=\"Aurolia Technologies: CO2-neutral, automated electroplating with cutting-edge robotics and digitized processes.\" \/>\n<meta name=\"robots\" content=\"index, follow, max-snippet:-1, max-image-preview:large, max-video-preview:-1\" \/>\n<link rel=\"canonical\" href=\"https:\/\/www.aurolia.de\/en\/das-neue-werk\/\" \/>\n<meta property=\"og:locale\" content=\"en_GB\" \/>\n<meta property=\"og:locale:alternate\" content=\"de_DE\" \/>\n<meta property=\"og:type\" content=\"article\" \/>\n<meta property=\"og:title\" content=\"Electroplating 4.0 at Aurolia \u2013 CO2-neutral, automated &amp; efficient.\" \/>\n<meta property=\"og:description\" content=\"Aurolia Technologies: CO2-neutral, automated electroplating with cutting-edge robotics and digitized processes.\" \/>\n<meta property=\"og:url\" content=\"https:\/\/www.aurolia.de\/en\/das-neue-werk\/\" \/>\n<meta property=\"og:site_name\" content=\"Aurolia\" \/>\n<meta property=\"article:modified_time\" content=\"2026-02-06T14:48:58+00:00\" \/>\n<meta property=\"og:image\" content=\"https:\/\/www.aurolia.de\/wp-content\/uploads\/2022\/06\/galvanische-meisterwerke-min.jpg\" \/>\n\t<meta property=\"og:image:width\" content=\"525\" \/>\n\t<meta property=\"og:image:height\" content=\"500\" \/>\n\t<meta property=\"og:image:type\" content=\"image\/jpeg\" \/>\n<meta name=\"twitter:card\" content=\"summary_large_image\" \/>\n<meta name=\"twitter:label1\" content=\"Estimated reading time\" \/>\n\t<meta name=\"twitter:data1\" content=\"7 minutes\" \/>\n<!-- \/ Yoast SEO plugin. -->","yoast_head_json":{"title":"Electroplating 4.0 at Aurolia \u2013 CO2-neutral, automated & efficient.","description":"Aurolia Technologies: CO2-neutral, automated electroplating with cutting-edge robotics and digitized processes.","robots":{"index":"index","follow":"follow","max-snippet":"max-snippet:-1","max-image-preview":"max-image-preview:large","max-video-preview":"max-video-preview:-1"},"canonical":"https:\/\/www.aurolia.de\/en\/das-neue-werk\/","og_locale":"en_GB","og_type":"article","og_title":"[:de]Galvanik 4.0 bei Aurolia \u2013 CO2-neutral, automatisiert & effizient[:en]Electroplating 4.0 at Aurolia \u2013 CO2-neutral, automated & efficient.[:]","og_description":"[:de]Aurolia Technologies: CO2-neutrale, automatisierte Galvanik mit modernster Robotik und digitalisierten Prozessen.[:en]Aurolia Technologies: CO2-neutral, automated electroplating with cutting-edge robotics and digitized processes.[:]","og_url":"https:\/\/www.aurolia.de\/en\/das-neue-werk\/","og_site_name":"Aurolia","article_modified_time":"2026-02-06T14:48:58+00:00","og_image":[{"width":525,"height":500,"url":"https:\/\/www.aurolia.de\/wp-content\/uploads\/2022\/06\/galvanische-meisterwerke-min.jpg","type":"image\/jpeg"}],"twitter_card":"summary_large_image","twitter_misc":{"Estimated reading time":"7 minutes"},"schema":{"@context":"https:\/\/schema.org","@graph":[{"@type":"WebPage","@id":"https:\/\/www.aurolia.de\/das-neue-werk\/","url":"https:\/\/www.aurolia.de\/das-neue-werk\/","name":"Electroplating 4.0 at Aurolia \u2013 CO2-neutral, automated & efficient.","isPartOf":{"@id":"https:\/\/www.aurolia.de\/#website"},"datePublished":"2023-08-14T10:50:22+00:00","dateModified":"2026-02-06T14:48:58+00:00","description":"Aurolia Technologies: CO2-neutral, automated electroplating with cutting-edge robotics and digitized processes.","inLanguage":"en-GB","potentialAction":[{"@type":"ReadAction","target":["https:\/\/www.aurolia.de\/das-neue-werk\/"]}]},{"@type":"WebSite","@id":"https:\/\/www.aurolia.de\/#website","url":"https:\/\/www.aurolia.de\/","name":"Aurolia","description":"Technologies","publisher":{"@id":"https:\/\/www.aurolia.de\/#organization"},"potentialAction":[{"@type":"SearchAction","target":{"@type":"EntryPoint","urlTemplate":"https:\/\/www.aurolia.de\/?s={search_term_string}"},"query-input":{"@type":"PropertyValueSpecification","valueRequired":true,"valueName":"search_term_string"}}],"inLanguage":"en-GB"},{"@type":"Organization","@id":"https:\/\/www.aurolia.de\/#organization","name":"Aurolia","url":"https:\/\/www.aurolia.de\/","logo":{"@type":"ImageObject","inLanguage":"en-GB","@id":"https:\/\/www.aurolia.de\/#\/schema\/logo\/image\/","url":"https:\/\/www.aurolia.de\/wp-content\/uploads\/2022\/05\/cropped-logo.png","contentUrl":"https:\/\/www.aurolia.de\/wp-content\/uploads\/2022\/05\/cropped-logo.png","width":815,"height":408,"caption":"Aurolia"},"image":{"@id":"https:\/\/www.aurolia.de\/#\/schema\/logo\/image\/"}}]}},"_links":{"self":[{"href":"https:\/\/www.aurolia.de\/en\/wp-json\/wp\/v2\/pages\/1638","targetHints":{"allow":["GET"]}}],"collection":[{"href":"https:\/\/www.aurolia.de\/en\/wp-json\/wp\/v2\/pages"}],"about":[{"href":"https:\/\/www.aurolia.de\/en\/wp-json\/wp\/v2\/types\/page"}],"author":[{"embeddable":true,"href":"https:\/\/www.aurolia.de\/en\/wp-json\/wp\/v2\/users\/2"}],"replies":[{"embeddable":true,"href":"https:\/\/www.aurolia.de\/en\/wp-json\/wp\/v2\/comments?post=1638"}],"version-history":[{"count":0,"href":"https:\/\/www.aurolia.de\/en\/wp-json\/wp\/v2\/pages\/1638\/revisions"}],"wp:attachment":[{"href":"https:\/\/www.aurolia.de\/en\/wp-json\/wp\/v2\/media?parent=1638"}],"curies":[{"name":"wp","href":"https:\/\/api.w.org\/{rel}","templated":true}]}}