{"id":1833,"date":"2023-09-26T10:11:06","date_gmt":"2023-09-26T08:11:06","guid":{"rendered":"https:\/\/www.aurolia.de\/?page_id=1833"},"modified":"2024-09-23T12:37:22","modified_gmt":"2024-09-23T10:37:22","slug":"archaelogie","status":"publish","type":"page","link":"https:\/\/www.aurolia.de\/en\/archaelogie\/","title":{"rendered":"news-archaelogie"},"content":{"rendered":"<p>[vc_row][vc_column][vc_empty_space height=\u201d60px\u201d][vc_single_image image=\u201d1752\u2033 img_size=\u201d1240\u00d7484\u2033 alignment=\u201dcenter\u201d][vc_empty_space][\/vc_column][\/vc_row][vc_row][vc_column][vc_row_inner el_class=\u201dpage-inner\u201d][vc_column_inner][vc_column_text]<\/p>\n<h3>Aurolia News<\/h3>\n<p>[\/vc_column_text][vc_column_text]<\/p>\n<h1>Archaeological report successfully completed.<\/h1>\n<p>[\/vc_column_text][vc_empty_space][vc_column_text]<\/p>\n<p style=\"text-align: left;\"><strong>As our building land is located in an archaeologically relevant area, as a resident company of the Free State of Thuringia, we are obligated to undergo an archaeological assessment.<\/strong><\/p>\n<p>[\/vc_column_text][vc_empty_space][\/vc_column_inner][\/vc_row_inner][vc_row_inner el_class=\u201dpage-inner\u201d][vc_column_inner width=\u201d1\/2\u2033][vc_empty_space][vc_column_text]\u201dMost archaeological excavations are conducted based on these reports. The objective is to secure the archaeological traces (such as graves, settlement remains, or treasure caches) that are destroyed during excavation through scientific documentation, thereby preserving them for posterity in an indirect, archived form.\u201d (Free State of Thuringia, 2023)[\/vc_column_text][vc_empty_space][\/vc_column_inner][vc_column_inner el_class=\u201dtext-rechts\u201d width=\u201d1\/2\u2033][vc_empty_space][vc_column_text]Prior to the commencement of excavations, a site inspection took place. During this inspection, the method to be used and the excavation areas were determined. All activities carried out by the State Office for Heritage Preservation and Archaeology were conducted in several investigative steps and meticulously documented.[\/vc_column_text][vc_empty_space][\/vc_column_inner][\/vc_row_inner][vc_row_inner el_class=\u201dpage-inner\u201d][vc_column_inner width=\u201d1\/4\u2033][vc_empty_space][\/vc_column_inner][vc_column_inner width=\u201d1\/2\u2033][vc_column_text]<\/p>\n<p style=\"text-align: center;\"><strong>At the end of August, the report was successfully completed. Now we have a clear path to establish Europe\u2019s most innovative electroplating facility.<\/strong><\/p>\n<p>[\/vc_column_text][\/vc_column_inner][vc_column_inner width=\u201d1\/4\u2033][vc_empty_space][\/vc_column_inner][\/vc_row_inner][vc_row_inner el_class=\u201dpage-inner\u201d][vc_column_inner][vc_empty_space][vc_single_image image=\u201d1839\u2033 img_size=\u201dfull\u201d alignment=\u201dcenter\u201d][\/vc_column_inner][\/vc_row_inner][vc_row_inner el_class=\u201dpage-inner\u201d][vc_column_inner width=\u201d2\/3\u2033][vc_empty_space][\/vc_column_inner][vc_column_inner width=\u201d1\/3\u2033][vc_column_text]Source:<br \/>\nhttps:\/\/denkmalpflege.thueringen.de\/wir-ueber-uns\/archaeologische-denkmalpflege\/aufgaben[\/vc_column_text][\/vc_column_inner][\/vc_row_inner][vc_row_inner el_class=\u201dpage-inner\u201d][vc_column_inner width=\u201d1\/3\u2033][vc_empty_space][\/vc_column_inner][vc_column_inner width=\u201d1\/3\u2033][vc_btn title=\u201dback\u201d align=\u201dcenter\u201d link=\u201durl:https%3A%2F%2Fwww.aurolia.de%2Fdas-neue-werk%2F|title:Home\u201d el_class=\u201dbtn-box-2\u2033][\/vc_column_inner][vc_column_inner width=\u201d1\/3\u2033][vc_empty_space][\/vc_column_inner][\/vc_row_inner][\/vc_column][\/vc_row]<\/p>\n","protected":false},"excerpt":{"rendered":"<p>[vc_row][vc_column][vc_empty_space height=\u201d60px\u201d][vc_single_image image=\u201d1752\u2033 img_size=\u201d1240\u00d7484\u2033 alignment=\u201dcenter\u201d][vc_empty_space][\/vc_column][\/vc_row][vc_row][vc_column][vc_row_inner el_class=\u201dpage-inner\u201d][vc_column_inner][vc_column_text] Aurolia News [\/vc_column_text][vc_column_text] Archaeological report successfully completed. [\/vc_column_text][vc_empty_space][vc_column_text] As our building land is located in an archaeologically relevant area, as a resident company of the Free State of Thuringia, we are obligated to undergo an archaeological assessment. [\/vc_column_text][vc_empty_space][\/vc_column_inner][\/vc_row_inner][vc_row_inner el_class=\u201dpage-inner\u201d][vc_column_inner width=\u201d1\/2\u2033][vc_empty_space][vc_column_text]\u201dMost archaeological excavations are conducted based on these reports. The&hellip; <a class=\"more-link\" href=\"https:\/\/www.aurolia.de\/en\/archaelogie\/\">Continue reading <span class=\"screen-reader-text\">news-archaelogie<\/span><\/a><\/p>\n","protected":false},"author":2,"featured_media":0,"parent":0,"menu_order":0,"comment_status":"closed","ping_status":"closed","template":"","meta":{"footnotes":""},"class_list":["post-1833","page","type-page","status-publish","hentry","entry"],"yoast_head":"<!-- This site is optimized with the Yoast SEO plugin v27.4 - https:\/\/yoast.com\/product\/yoast-seo-wordpress\/ -->\n<title>Archaeological Survey Successfully Completed | Aurolia<\/title>\n<meta name=\"description\" content=\"The archaeological survey for our project has been successfully completed. Development can now proceed as planned.\" \/>\n<meta name=\"robots\" content=\"index, follow, max-snippet:-1, max-image-preview:large, max-video-preview:-1\" \/>\n<link rel=\"canonical\" href=\"https:\/\/www.aurolia.de\/en\/archaelogie\/\" \/>\n<meta property=\"og:locale\" content=\"en_GB\" \/>\n<meta property=\"og:locale:alternate\" content=\"de_DE\" \/>\n<meta property=\"og:type\" content=\"article\" \/>\n<meta property=\"og:title\" content=\"Archaeological Survey Successfully Completed | Aurolia\" \/>\n<meta property=\"og:description\" content=\"The archaeological survey for our project has been successfully completed. Development can now proceed as planned.\" \/>\n<meta property=\"og:url\" content=\"https:\/\/www.aurolia.de\/en\/archaelogie\/\" \/>\n<meta property=\"og:site_name\" content=\"Aurolia\" \/>\n<meta property=\"article:modified_time\" content=\"2024-09-23T10:37:22+00:00\" \/>\n<meta property=\"og:image\" content=\"https:\/\/www.aurolia.de\/wp-content\/uploads\/2022\/06\/galvanische-meisterwerke-min.jpg\" \/>\n\t<meta property=\"og:image:width\" content=\"525\" \/>\n\t<meta property=\"og:image:height\" content=\"500\" \/>\n\t<meta property=\"og:image:type\" content=\"image\/jpeg\" \/>\n<meta name=\"twitter:card\" content=\"summary_large_image\" \/>\n<meta name=\"twitter:label1\" content=\"Estimated reading time\" \/>\n\t<meta name=\"twitter:data1\" content=\"2 minutes\" \/>\n<!-- \/ Yoast SEO plugin. -->","yoast_head_json":{"title":"Archaeological Survey Successfully Completed | Aurolia","description":"The archaeological survey for our project has been successfully completed. Development can now proceed as planned.","robots":{"index":"index","follow":"follow","max-snippet":"max-snippet:-1","max-image-preview":"max-image-preview:large","max-video-preview":"max-video-preview:-1"},"canonical":"https:\/\/www.aurolia.de\/en\/archaelogie\/","og_locale":"en_GB","og_type":"article","og_title":"[:de]Arch\u00e4ologisches Gutachten erfolgreich abgeschlossen | Aurolia[:en]Archaeological Survey Successfully Completed | Aurolia[:]","og_description":"[:de]Das arch\u00e4ologische Gutachten f\u00fcr unser Bauprojekt wurde erfolgreich abgeschlossen. Jetzt kann die Entwicklung planm\u00e4\u00dfig fortgesetzt werden.[:en]The archaeological survey for our project has been successfully completed. Development can now proceed as planned.[:]","og_url":"https:\/\/www.aurolia.de\/en\/archaelogie\/","og_site_name":"Aurolia","article_modified_time":"2024-09-23T10:37:22+00:00","og_image":[{"width":525,"height":500,"url":"https:\/\/www.aurolia.de\/wp-content\/uploads\/2022\/06\/galvanische-meisterwerke-min.jpg","type":"image\/jpeg"}],"twitter_card":"summary_large_image","twitter_misc":{"Estimated reading time":"2 minutes"},"schema":{"@context":"https:\/\/schema.org","@graph":[{"@type":"WebPage","@id":"https:\/\/www.aurolia.de\/en\/archaelogie\/","url":"https:\/\/www.aurolia.de\/en\/archaelogie\/","name":"Archaeological Survey Successfully Completed | Aurolia","isPartOf":{"@id":"https:\/\/www.aurolia.de\/#website"},"datePublished":"2023-09-26T08:11:06+00:00","dateModified":"2024-09-23T10:37:22+00:00","description":"The archaeological survey for our project has been successfully completed. Development can now proceed as planned.","inLanguage":"en-GB","potentialAction":[{"@type":"ReadAction","target":["https:\/\/www.aurolia.de\/en\/archaelogie\/"]}]},{"@type":"WebSite","@id":"https:\/\/www.aurolia.de\/#website","url":"https:\/\/www.aurolia.de\/","name":"Aurolia","description":"Technologies","publisher":{"@id":"https:\/\/www.aurolia.de\/#organization"},"potentialAction":[{"@type":"SearchAction","target":{"@type":"EntryPoint","urlTemplate":"https:\/\/www.aurolia.de\/?s={search_term_string}"},"query-input":{"@type":"PropertyValueSpecification","valueRequired":true,"valueName":"search_term_string"}}],"inLanguage":"en-GB"},{"@type":"Organization","@id":"https:\/\/www.aurolia.de\/#organization","name":"Aurolia","url":"https:\/\/www.aurolia.de\/","logo":{"@type":"ImageObject","inLanguage":"en-GB","@id":"https:\/\/www.aurolia.de\/#\/schema\/logo\/image\/","url":"https:\/\/www.aurolia.de\/wp-content\/uploads\/2022\/05\/cropped-logo.png","contentUrl":"https:\/\/www.aurolia.de\/wp-content\/uploads\/2022\/05\/cropped-logo.png","width":815,"height":408,"caption":"Aurolia"},"image":{"@id":"https:\/\/www.aurolia.de\/#\/schema\/logo\/image\/"}}]}},"_links":{"self":[{"href":"https:\/\/www.aurolia.de\/en\/wp-json\/wp\/v2\/pages\/1833","targetHints":{"allow":["GET"]}}],"collection":[{"href":"https:\/\/www.aurolia.de\/en\/wp-json\/wp\/v2\/pages"}],"about":[{"href":"https:\/\/www.aurolia.de\/en\/wp-json\/wp\/v2\/types\/page"}],"author":[{"embeddable":true,"href":"https:\/\/www.aurolia.de\/en\/wp-json\/wp\/v2\/users\/2"}],"replies":[{"embeddable":true,"href":"https:\/\/www.aurolia.de\/en\/wp-json\/wp\/v2\/comments?post=1833"}],"version-history":[{"count":0,"href":"https:\/\/www.aurolia.de\/en\/wp-json\/wp\/v2\/pages\/1833\/revisions"}],"wp:attachment":[{"href":"https:\/\/www.aurolia.de\/en\/wp-json\/wp\/v2\/media?parent=1833"}],"curies":[{"name":"wp","href":"https:\/\/api.w.org\/{rel}","templated":true}]}}