{"id":1853,"date":"2023-09-26T10:31:47","date_gmt":"2023-09-26T08:31:47","guid":{"rendered":"https:\/\/www.aurolia.de\/?page_id=1853"},"modified":"2024-09-23T12:40:36","modified_gmt":"2024-09-23T10:40:36","slug":"news-genehmigungsverfahren","status":"publish","type":"page","link":"https:\/\/www.aurolia.de\/en\/news-genehmigungsverfahren\/","title":{"rendered":"news-genehmigungsverfahren"},"content":{"rendered":"<p>[vc_row][vc_column][vc_empty_space height=\u201d60px\u201d][vc_single_image image=\u201d1752\u2033 img_size=\u201d1240\u00d7484\u2033 alignment=\u201dcenter\u201d][vc_empty_space][\/vc_column][\/vc_row][vc_row][vc_column][vc_row_inner el_class=\u201dpage-inner\u201d][vc_column_inner][vc_column_text]<\/p>\n<h3>Aurolia News<\/h3>\n<p>[\/vc_column_text][vc_column_text]<\/p>\n<h1>Approval process is underway.<\/h1>\n<p>[\/vc_column_text][vc_empty_space][vc_column_text]<\/p>\n<p style=\"text-align: left;\"><strong>Aurolia plans to establish approval-requiring facilities according to the Federal Immission Control Act (BImSchG) at the new location in ITT Th\u00fcringer Tor.<\/strong><\/p>\n<p>[\/vc_column_text][vc_empty_space][\/vc_column_inner][\/vc_row_inner][vc_row_inner el_class=\u201dpage-inner\u201d][vc_column_inner width=\u201d1\/2\u2033][vc_empty_space][vc_column_text]This requires an extensive series of expert opinions, including fire protection assessments, noise assessments, hazard assessments, chimney height assessments, and an emission forecast. While these measures involve significant bureaucratic effort, they are of great importance for the protection of our environment, our employees, and our region.[\/vc_column_text][vc_column_text]The complex approval structure involves the district office, specialist authorities, external experts, and relevant third parties to ensure that Aurolia constructs the new factory according to the latest technical standards and meets all legal requirements.[\/vc_column_text][vc_empty_space][\/vc_column_inner][vc_column_inner el_class=\u201dtext-rechts\u201d width=\u201d1\/2\u2033][vc_empty_space][vc_column_text]A building permit is an integral part of the emission control approval, and implementation may only commence upon receipt of an official decree (in accordance with \u00a78a BImSchG). A formal approval process typically takes up to 9 months.[\/vc_column_text][vc_column_text]The overarching goal of this process is to prevent or minimize the harmful effects of air pollutants on human health and the environment. Compliance with prescribed emission limits and maximum emission levels helps further reduce pollution levels, and it is of great importance to comprehensively inform the population about air quality.[\/vc_column_text][vc_empty_space][\/vc_column_inner][\/vc_row_inner][vc_row_inner el_class=\u201dpage-inner\u201d][vc_column_inner][vc_empty_space][vc_single_image image=\u201d1852\u2033 img_size=\u201dfull\u201d alignment=\u201dcenter\u201d][\/vc_column_inner][\/vc_row_inner][vc_row_inner el_class=\u201dpage-inner\u201d][vc_column_inner width=\u201d2\/3\u2033][vc_empty_space][\/vc_column_inner][vc_column_inner width=\u201d1\/3\u2033][vc_empty_space][vc_column_text]Source: BMUV, https:\/\/www.bmuv.de\/gesetz\/39-verordnung-zur-durchfuehrung-des-bundes-immissionsschutzgesetzes[\/vc_column_text][\/vc_column_inner][\/vc_row_inner][vc_row_inner el_class=\u201dpage-inner\u201d][vc_column_inner width=\u201d1\/3\u2033][vc_empty_space][\/vc_column_inner][vc_column_inner width=\u201d1\/3\u2033][vc_btn title=\u201dback\u201d align=\u201dcenter\u201d link=\u201durl:https%3A%2F%2Fwww.aurolia.de%2Fdas-neue-werk%2F|title:Home\u201d el_class=\u201dbtn-box-2\u2033][\/vc_column_inner][vc_column_inner width=\u201d1\/3\u2033][vc_empty_space][\/vc_column_inner][\/vc_row_inner][\/vc_column][\/vc_row]<\/p>\n","protected":false},"excerpt":{"rendered":"<p>[vc_row][vc_column][vc_empty_space height=\u201d60px\u201d][vc_single_image image=\u201d1752\u2033 img_size=\u201d1240\u00d7484\u2033 alignment=\u201dcenter\u201d][vc_empty_space][\/vc_column][\/vc_row][vc_row][vc_column][vc_row_inner el_class=\u201dpage-inner\u201d][vc_column_inner][vc_column_text] Aurolia News [\/vc_column_text][vc_column_text] Approval process is underway. [\/vc_column_text][vc_empty_space][vc_column_text] Aurolia plans to establish approval-requiring facilities according to the Federal Immission Control Act (BImSchG) at the new location in ITT Th\u00fcringer Tor. [\/vc_column_text][vc_empty_space][\/vc_column_inner][\/vc_row_inner][vc_row_inner el_class=\u201dpage-inner\u201d][vc_column_inner width=\u201d1\/2\u2033][vc_empty_space][vc_column_text]This requires an extensive series of expert opinions, including fire protection assessments, noise assessments, hazard assessments, chimney&hellip; <a class=\"more-link\" href=\"https:\/\/www.aurolia.de\/en\/news-genehmigungsverfahren\/\">Continue reading <span class=\"screen-reader-text\">news-genehmigungsverfahren<\/span><\/a><\/p>\n","protected":false},"author":2,"featured_media":0,"parent":0,"menu_order":0,"comment_status":"closed","ping_status":"closed","template":"","meta":{"footnotes":""},"class_list":["post-1853","page","type-page","status-publish","hentry","entry"],"yoast_head":"<!-- This site is optimized with the Yoast SEO plugin v27.4 - https:\/\/yoast.com\/product\/yoast-seo-wordpress\/ -->\n<title>New BImSchG-Compliant Facilities at ITT Th\u00fcringer Tor | Aurolia<\/title>\n<meta name=\"description\" content=\"Aurolia plans to establish BImSchG-compliant facilities at the new ITT Th\u00fcringer Tor site in Thuringia, pending regulatory approval.\" \/>\n<meta name=\"robots\" content=\"index, follow, max-snippet:-1, max-image-preview:large, max-video-preview:-1\" \/>\n<link rel=\"canonical\" href=\"https:\/\/www.aurolia.de\/en\/news-genehmigungsverfahren\/\" \/>\n<meta property=\"og:locale\" content=\"en_GB\" \/>\n<meta property=\"og:locale:alternate\" content=\"de_DE\" \/>\n<meta property=\"og:type\" content=\"article\" \/>\n<meta property=\"og:title\" content=\"New BImSchG-Compliant Facilities at ITT Th\u00fcringer Tor | Aurolia\" \/>\n<meta property=\"og:description\" content=\"Aurolia plans to establish BImSchG-compliant facilities at the new ITT Th\u00fcringer Tor site in Thuringia, pending regulatory approval.\" \/>\n<meta property=\"og:url\" content=\"https:\/\/www.aurolia.de\/en\/news-genehmigungsverfahren\/\" \/>\n<meta property=\"og:site_name\" content=\"Aurolia\" \/>\n<meta property=\"article:modified_time\" content=\"2024-09-23T10:40:36+00:00\" \/>\n<meta property=\"og:image\" content=\"https:\/\/www.aurolia.de\/wp-content\/uploads\/2022\/06\/galvanische-meisterwerke-min.jpg\" \/>\n\t<meta property=\"og:image:width\" content=\"525\" \/>\n\t<meta property=\"og:image:height\" content=\"500\" \/>\n\t<meta property=\"og:image:type\" content=\"image\/jpeg\" \/>\n<meta name=\"twitter:card\" content=\"summary_large_image\" \/>\n<meta name=\"twitter:label1\" content=\"Estimated reading time\" \/>\n\t<meta name=\"twitter:data1\" content=\"2 minutes\" \/>\n<!-- \/ Yoast SEO plugin. -->","yoast_head_json":{"title":"New BImSchG-Compliant Facilities at ITT Th\u00fcringer Tor | Aurolia","description":"Aurolia plans to establish BImSchG-compliant facilities at the new ITT Th\u00fcringer Tor site in Thuringia, pending regulatory approval.","robots":{"index":"index","follow":"follow","max-snippet":"max-snippet:-1","max-image-preview":"max-image-preview:large","max-video-preview":"max-video-preview:-1"},"canonical":"https:\/\/www.aurolia.de\/en\/news-genehmigungsverfahren\/","og_locale":"en_GB","og_type":"article","og_title":"[:de]Neue BImSchG-Anlagen am ITT Th\u00fcringer Tor | Aurolia[:en]New BImSchG-Compliant Facilities at ITT Th\u00fcringer Tor | Aurolia[:]","og_description":"[:de]Aurolia plant die Errichtung genehmigungspflichtiger Anlagen gem\u00e4\u00df BImSchG am neuen Standort ITT Th\u00fcringer Tor in Th\u00fcringen.[:en]Aurolia plans to establish BImSchG-compliant facilities at the new ITT Th\u00fcringer Tor site in Thuringia, pending regulatory approval.[:]","og_url":"https:\/\/www.aurolia.de\/en\/news-genehmigungsverfahren\/","og_site_name":"Aurolia","article_modified_time":"2024-09-23T10:40:36+00:00","og_image":[{"width":525,"height":500,"url":"https:\/\/www.aurolia.de\/wp-content\/uploads\/2022\/06\/galvanische-meisterwerke-min.jpg","type":"image\/jpeg"}],"twitter_card":"summary_large_image","twitter_misc":{"Estimated reading time":"2 minutes"},"schema":{"@context":"https:\/\/schema.org","@graph":[{"@type":"WebPage","@id":"https:\/\/www.aurolia.de\/en\/news-genehmigungsverfahren\/","url":"https:\/\/www.aurolia.de\/en\/news-genehmigungsverfahren\/","name":"New BImSchG-Compliant Facilities at ITT Th\u00fcringer Tor | Aurolia","isPartOf":{"@id":"https:\/\/www.aurolia.de\/#website"},"datePublished":"2023-09-26T08:31:47+00:00","dateModified":"2024-09-23T10:40:36+00:00","description":"Aurolia plans to establish BImSchG-compliant facilities at the new ITT Th\u00fcringer Tor site in Thuringia, pending regulatory approval.","inLanguage":"en-GB","potentialAction":[{"@type":"ReadAction","target":["https:\/\/www.aurolia.de\/en\/news-genehmigungsverfahren\/"]}]},{"@type":"WebSite","@id":"https:\/\/www.aurolia.de\/#website","url":"https:\/\/www.aurolia.de\/","name":"Aurolia","description":"Technologies","publisher":{"@id":"https:\/\/www.aurolia.de\/#organization"},"potentialAction":[{"@type":"SearchAction","target":{"@type":"EntryPoint","urlTemplate":"https:\/\/www.aurolia.de\/?s={search_term_string}"},"query-input":{"@type":"PropertyValueSpecification","valueRequired":true,"valueName":"search_term_string"}}],"inLanguage":"en-GB"},{"@type":"Organization","@id":"https:\/\/www.aurolia.de\/#organization","name":"Aurolia","url":"https:\/\/www.aurolia.de\/","logo":{"@type":"ImageObject","inLanguage":"en-GB","@id":"https:\/\/www.aurolia.de\/#\/schema\/logo\/image\/","url":"https:\/\/www.aurolia.de\/wp-content\/uploads\/2022\/05\/cropped-logo.png","contentUrl":"https:\/\/www.aurolia.de\/wp-content\/uploads\/2022\/05\/cropped-logo.png","width":815,"height":408,"caption":"Aurolia"},"image":{"@id":"https:\/\/www.aurolia.de\/#\/schema\/logo\/image\/"}}]}},"_links":{"self":[{"href":"https:\/\/www.aurolia.de\/en\/wp-json\/wp\/v2\/pages\/1853","targetHints":{"allow":["GET"]}}],"collection":[{"href":"https:\/\/www.aurolia.de\/en\/wp-json\/wp\/v2\/pages"}],"about":[{"href":"https:\/\/www.aurolia.de\/en\/wp-json\/wp\/v2\/types\/page"}],"author":[{"embeddable":true,"href":"https:\/\/www.aurolia.de\/en\/wp-json\/wp\/v2\/users\/2"}],"replies":[{"embeddable":true,"href":"https:\/\/www.aurolia.de\/en\/wp-json\/wp\/v2\/comments?post=1853"}],"version-history":[{"count":0,"href":"https:\/\/www.aurolia.de\/en\/wp-json\/wp\/v2\/pages\/1853\/revisions"}],"wp:attachment":[{"href":"https:\/\/www.aurolia.de\/en\/wp-json\/wp\/v2\/media?parent=1853"}],"curies":[{"name":"wp","href":"https:\/\/api.w.org\/{rel}","templated":true}]}}