{"id":549,"date":"2022-06-02T14:44:22","date_gmt":"2022-06-02T12:44:22","guid":{"rendered":"https:\/\/www.aurolia.de\/?page_id=549"},"modified":"2025-04-25T10:00:52","modified_gmt":"2025-04-25T08:00:52","slug":"anwendungsbereich-sondermaschinenbau","status":"publish","type":"page","link":"https:\/\/www.aurolia.de\/en\/anwendungsbereich-sondermaschinenbau\/","title":{"rendered":"Anwendungsbereich Sondermaschinenbau"},"content":{"rendered":"<p>[vc_row][vc_column][vc_row_inner el_class=\u201dpage-inner\u201d][vc_column_inner][vc_empty_space height=\u201d120px\u201d][vc_wp_custommenu nav_menu=\u201d5\u2033][vc_empty_space height=\u201d60px\u201d][vc_column_text]<\/p>\n<h1>Custom machine building<\/h1>\n<p>[\/vc_column_text][vc_empty_space][\/vc_column_inner][\/vc_row_inner][vc_row_inner el_class=\u201dpage-inner\u201d][vc_column_inner width=\u201d2\/3\u2033][vc_column_text]Those with high standards for a machine must apply this standard to each individual component. To achieve the desired properties, a sophisticated surface coating is indispensable. The requirement: a wide selection of surfaces that enhance the functionality of our customers\u2019 systems. This calls for components with wear-resistant, lubricious, and corrosion-protected surfaces. Moreover, the demand for the machines is so high and urgent that commissioning often looms shortly after we receive the components for coating. Therefore, alongside outstanding quality, short delivery times, consistent adherence to deadlines, and reliable delivery service are crucial success factors in our work.[\/vc_column_text][vc_empty_space][vc_column_text]<\/p>\n<h2>What we can do for you<\/h2>\n<p>[\/vc_column_text][vc_column_text]At the core is always the question of functionality of machine components. For instance, hard-anodized surfaces are sought after in the food or seed industry to keep the coated surfaces not only wear-resistant but also clean. We achieve the cleaning effect through PTFE impregnation after hard anodizing. It imparts sliding properties to the surface, comparable to those of the Lotus effect.[\/vc_column_text][\/vc_column_inner][vc_column_inner width=\u201d1\/3\u2033][vc_single_image image=\u201d553\u2033 img_size=\u201dfull\u201d][\/vc_column_inner][\/vc_row_inner][\/vc_column][\/vc_row][vc_row][vc_column][vc_empty_space height=\u201d100px\u201d][vc_row_inner el_class=\u201dpage-inner\u201d][vc_column_inner width=\u201d1\/3\u2033][vc_single_image image=\u201d557\u2033 img_size=\u201dfull\u201d el_class=\u201dmh-380\u2033][\/vc_column_inner][vc_column_inner width=\u201d2\/3\u2033][vc_single_image image=\u201d558\u2033 img_size=\u201dfull\u201d el_class=\u201dmh-380\u2033][\/vc_column_inner][\/vc_row_inner][\/vc_column][\/vc_row][vc_row][vc_column][vc_empty_space height=\u201d64px\u201d][vc_row_inner el_class=\u201dpage-inner\u201d][vc_column_inner width=\u201d1\/3\u2033][\/vc_column_inner][vc_column_inner width=\u201d1\/3\u2033][vc_raw_html]JTNDZGl2JTIwaWQlM0QlMjJmb3JtMSUyMiUyMGNsYXNzJTNEJTIybW9kYWwlMjIlM0UlNUJjb250YWN0LWZvcm0tNyUyMGlkJTNEJTIyMTUzNiUyMiUyMHRpdGxlJTNEJTIyUiVDMyVCQ2NrcnVmJTIyJTVEJTNDJTJGZGl2JTNFJTBBJTNDZGl2JTIwY2xhc3MlM0QlMjJ2Y19idG4zLWNvbnRhaW5lciUyMCUyMGJ0biUyMHJvdCUyMHZjX2J0bjMtY2VudGVyJTIyJTNFJTNDYSUyMGhyZWYlM0QlMjIlMjNmb3JtMSUyMiUyMHJlbCUzRCUyMm1vZGFsJTNBb3BlbiUyMiUzRVBsZWFzZSUyMGNhbGwlMjB1cyUzQyUyRmElM0UlM0MlMkZkaXYlM0U=[\/vc_raw_html][\/vc_column_inner][vc_column_inner width=\u201d1\/3\u2033][\/vc_column_inner][\/vc_row_inner][\/vc_column][\/vc_row]<\/p>\n","protected":false},"excerpt":{"rendered":"<p>[vc_row][vc_column][vc_row_inner el_class=\u201dpage-inner\u201d][vc_column_inner][vc_empty_space height=\u201d120px\u201d][vc_wp_custommenu nav_menu=\u201d5\u2033][vc_empty_space height=\u201d60px\u201d][vc_column_text] Custom machine building [\/vc_column_text][vc_empty_space][\/vc_column_inner][\/vc_row_inner][vc_row_inner el_class=\u201dpage-inner\u201d][vc_column_inner width=\u201d2\/3\u2033][vc_column_text]Those with high standards for a machine must apply this standard to each individual component. To achieve the desired properties, a sophisticated surface coating is indispensable. The requirement: a wide selection of surfaces that enhance the functionality of our customers\u2019 systems. This calls for components&hellip; <a class=\"more-link\" href=\"https:\/\/www.aurolia.de\/en\/anwendungsbereich-sondermaschinenbau\/\">Continue reading <span class=\"screen-reader-text\">Anwendungsbereich Sondermaschinenbau<\/span><\/a><\/p>\n","protected":false},"author":1,"featured_media":0,"parent":0,"menu_order":0,"comment_status":"closed","ping_status":"closed","template":"","meta":{"footnotes":""},"class_list":["post-549","page","type-page","status-publish","hentry","entry"],"yoast_head":"<!-- This site is optimized with the Yoast SEO plugin v27.4 - https:\/\/yoast.com\/product\/yoast-seo-wordpress\/ -->\n<title>Wear-resistant surfaces for special-purpose machine construction.<\/title>\n<meta name=\"description\" content=\"We offer wear-resistant, low-friction, and corrosion-protected surfaces with short lead times and on-time delivery.\" \/>\n<meta name=\"robots\" content=\"index, follow, max-snippet:-1, max-image-preview:large, max-video-preview:-1\" \/>\n<link rel=\"canonical\" href=\"https:\/\/www.aurolia.de\/en\/anwendungsbereich-sondermaschinenbau\/\" \/>\n<meta property=\"og:locale\" content=\"en_GB\" \/>\n<meta property=\"og:locale:alternate\" content=\"de_DE\" \/>\n<meta property=\"og:type\" content=\"article\" \/>\n<meta property=\"og:title\" content=\"Wear-resistant surfaces for special-purpose machine construction.\" \/>\n<meta property=\"og:description\" content=\"We offer wear-resistant, low-friction, and corrosion-protected surfaces with short lead times and on-time delivery.\" \/>\n<meta property=\"og:url\" content=\"https:\/\/www.aurolia.de\/en\/anwendungsbereich-sondermaschinenbau\/\" \/>\n<meta property=\"og:site_name\" content=\"Aurolia\" \/>\n<meta property=\"article:modified_time\" content=\"2025-04-25T08:00:52+00:00\" \/>\n<meta property=\"og:image\" content=\"https:\/\/www.aurolia.de\/wp-content\/uploads\/2022\/06\/galvanische-meisterwerke-min.jpg\" \/>\n\t<meta property=\"og:image:width\" content=\"525\" \/>\n\t<meta property=\"og:image:height\" content=\"500\" \/>\n\t<meta property=\"og:image:type\" content=\"image\/jpeg\" \/>\n<meta name=\"twitter:card\" content=\"summary_large_image\" \/>\n<meta name=\"twitter:label1\" content=\"Estimated reading time\" \/>\n\t<meta name=\"twitter:data1\" content=\"2 minutes\" \/>\n<!-- \/ Yoast SEO plugin. -->","yoast_head_json":{"title":"Wear-resistant surfaces for special-purpose machine construction.","description":"We offer wear-resistant, low-friction, and corrosion-protected surfaces with short lead times and on-time delivery.","robots":{"index":"index","follow":"follow","max-snippet":"max-snippet:-1","max-image-preview":"max-image-preview:large","max-video-preview":"max-video-preview:-1"},"canonical":"https:\/\/www.aurolia.de\/en\/anwendungsbereich-sondermaschinenbau\/","og_locale":"en_GB","og_type":"article","og_title":"[:de]Verschlei\u00dffeste Oberfl\u00e4chen f\u00fcr den Sondermaschinenbau[:en]Wear-resistant surfaces for special-purpose machine construction.[:]","og_description":"[:de]Wir bieten verschlei\u00dffeste, gleitf\u00e4hige und korrosionsgesch\u00fctzte Oberfl\u00e4chen mit kurzen Lieferzeiten und Termintreue.[:en]We offer wear-resistant, low-friction, and corrosion-protected surfaces with short lead times and on-time delivery.[:]","og_url":"https:\/\/www.aurolia.de\/en\/anwendungsbereich-sondermaschinenbau\/","og_site_name":"Aurolia","article_modified_time":"2025-04-25T08:00:52+00:00","og_image":[{"width":525,"height":500,"url":"https:\/\/www.aurolia.de\/wp-content\/uploads\/2022\/06\/galvanische-meisterwerke-min.jpg","type":"image\/jpeg"}],"twitter_card":"summary_large_image","twitter_misc":{"Estimated reading time":"2 minutes"},"schema":{"@context":"https:\/\/schema.org","@graph":[{"@type":"WebPage","@id":"https:\/\/www.aurolia.de\/anwendungsbereich-sondermaschinenbau\/","url":"https:\/\/www.aurolia.de\/anwendungsbereich-sondermaschinenbau\/","name":"Wear-resistant surfaces for special-purpose machine construction.","isPartOf":{"@id":"https:\/\/www.aurolia.de\/#website"},"datePublished":"2022-06-02T12:44:22+00:00","dateModified":"2025-04-25T08:00:52+00:00","description":"We offer wear-resistant, low-friction, and corrosion-protected surfaces with short lead times and on-time delivery.","inLanguage":"en-GB","potentialAction":[{"@type":"ReadAction","target":["https:\/\/www.aurolia.de\/anwendungsbereich-sondermaschinenbau\/"]}]},{"@type":"WebSite","@id":"https:\/\/www.aurolia.de\/#website","url":"https:\/\/www.aurolia.de\/","name":"Aurolia","description":"Technologies","publisher":{"@id":"https:\/\/www.aurolia.de\/#organization"},"potentialAction":[{"@type":"SearchAction","target":{"@type":"EntryPoint","urlTemplate":"https:\/\/www.aurolia.de\/?s={search_term_string}"},"query-input":{"@type":"PropertyValueSpecification","valueRequired":true,"valueName":"search_term_string"}}],"inLanguage":"en-GB"},{"@type":"Organization","@id":"https:\/\/www.aurolia.de\/#organization","name":"Aurolia","url":"https:\/\/www.aurolia.de\/","logo":{"@type":"ImageObject","inLanguage":"en-GB","@id":"https:\/\/www.aurolia.de\/#\/schema\/logo\/image\/","url":"https:\/\/www.aurolia.de\/wp-content\/uploads\/2022\/05\/cropped-logo.png","contentUrl":"https:\/\/www.aurolia.de\/wp-content\/uploads\/2022\/05\/cropped-logo.png","width":815,"height":408,"caption":"Aurolia"},"image":{"@id":"https:\/\/www.aurolia.de\/#\/schema\/logo\/image\/"}}]}},"_links":{"self":[{"href":"https:\/\/www.aurolia.de\/en\/wp-json\/wp\/v2\/pages\/549","targetHints":{"allow":["GET"]}}],"collection":[{"href":"https:\/\/www.aurolia.de\/en\/wp-json\/wp\/v2\/pages"}],"about":[{"href":"https:\/\/www.aurolia.de\/en\/wp-json\/wp\/v2\/types\/page"}],"author":[{"embeddable":true,"href":"https:\/\/www.aurolia.de\/en\/wp-json\/wp\/v2\/users\/1"}],"replies":[{"embeddable":true,"href":"https:\/\/www.aurolia.de\/en\/wp-json\/wp\/v2\/comments?post=549"}],"version-history":[{"count":0,"href":"https:\/\/www.aurolia.de\/en\/wp-json\/wp\/v2\/pages\/549\/revisions"}],"wp:attachment":[{"href":"https:\/\/www.aurolia.de\/en\/wp-json\/wp\/v2\/media?parent=549"}],"curies":[{"name":"wp","href":"https:\/\/api.w.org\/{rel}","templated":true}]}}