{"id":576,"date":"2022-06-02T15:58:03","date_gmt":"2022-06-02T13:58:03","guid":{"rendered":"https:\/\/www.aurolia.de\/?page_id=576"},"modified":"2025-04-25T10:43:54","modified_gmt":"2025-04-25T08:43:54","slug":"anwendungsbereich-medizintechnik","status":"publish","type":"page","link":"https:\/\/www.aurolia.de\/en\/anwendungsbereich-medizintechnik\/","title":{"rendered":"Anwendungsbereich Medizintechnik"},"content":{"rendered":"<p>[vc_row][vc_column][vc_row_inner el_class=\u201dpage-inner\u201d][vc_column_inner][vc_empty_space height=\u201d120px\u201d][vc_wp_custommenu nav_menu=\u201d5\u2033][vc_empty_space height=\u201d60px\u201d][vc_column_text]<\/p>\n<h1>Medical technology<\/h1>\n<p>[\/vc_column_text][vc_empty_space][\/vc_column_inner][\/vc_row_inner][vc_row_inner el_class=\u201dpage-inner\u201d][vc_column_inner width=\u201d2\/3\u2033][vc_column_text]Creating high-performance surfaces for the healthcare industry is particularly close to our hearts because they directly and immediately assist people. Naturally, the focus here is often on making medical technology corrosion-resistant and wear-resistant. However, our surfaces in this area are subjected to very particular demands. Medical devices need to be disinfected and cleaned countless times. Aggressive agents are sometimes used, which the top layer must reliably withstand. We provide our customers\u2019 products with a protective coating so that they can assist medical professionals on-site in saving lives.[\/vc_column_text][vc_empty_space][vc_column_text]<\/p>\n<h2>What we can do for you<\/h2>\n<p>[\/vc_column_text][vc_column_text]Thanks to the anodizing process, the surface of the dialysis equipment we enhance can be reliably and thoroughly cleaned. The same process was also used during the COVID-19 pandemic to prepare the urgently needed ventilators for their life-saving task. We are also a valuable partner for orthosis manufacturers. Not only do the products receive a surface that protects them from corrosion and wear, but through the targeted application of different layer thicknesses, we can positively influence the fit of the orthosis with high detail and precision.[\/vc_column_text][\/vc_column_inner][vc_column_inner width=\u201d1\/3\u2033][vc_single_image image=\u201d1288\u2033 img_size=\u201d400\u00d7400\u2033 alignment=\u201dcenter\u201d][\/vc_column_inner][\/vc_row_inner][\/vc_column][\/vc_row][vc_row][vc_column][vc_empty_space height=\u201d100px\u201d][\/vc_column][\/vc_row][vc_row][vc_column][vc_empty_space height=\u201d64px\u201d][vc_row_inner el_class=\u201dpage-inner\u201d][vc_column_inner width=\u201d1\/3\u2033][\/vc_column_inner][vc_column_inner width=\u201d1\/3\u2033][vc_raw_html]JTNDZGl2JTIwaWQlM0QlMjJmb3JtMSUyMiUyMGNsYXNzJTNEJTIybW9kYWwlMjIlM0UlNUJjb250YWN0LWZvcm0tNyUyMGlkJTNEJTIyMTUzNiUyMiUyMHRpdGxlJTNEJTIyUiVDMyVCQ2NrcnVmJTIyJTVEJTNDJTJGZGl2JTNFJTBBJTNDZGl2JTIwY2xhc3MlM0QlMjJ2Y19idG4zLWNvbnRhaW5lciUyMCUyMGJ0biUyMHJvdCUyMHZjX2J0bjMtY2VudGVyJTIyJTNFJTNDYSUyMGhyZWYlM0QlMjIlMjNmb3JtMSUyMiUyMHJlbCUzRCUyMm1vZGFsJTNBb3BlbiUyMiUzRVBsZWFzZSUyMGNhbGwlMjB1cyUzQyUyRmElM0UlM0MlMkZkaXYlM0U=[\/vc_raw_html][\/vc_column_inner][vc_column_inner width=\u201d1\/3\u2033][\/vc_column_inner][\/vc_row_inner][\/vc_column][\/vc_row]<\/p>\n","protected":false},"excerpt":{"rendered":"<p>[vc_row][vc_column][vc_row_inner el_class=\u201dpage-inner\u201d][vc_column_inner][vc_empty_space height=\u201d120px\u201d][vc_wp_custommenu nav_menu=\u201d5\u2033][vc_empty_space height=\u201d60px\u201d][vc_column_text] Medical technology [\/vc_column_text][vc_empty_space][\/vc_column_inner][\/vc_row_inner][vc_row_inner el_class=\u201dpage-inner\u201d][vc_column_inner width=\u201d2\/3\u2033][vc_column_text]Creating high-performance surfaces for the healthcare industry is particularly close to our hearts because they directly and immediately assist people. Naturally, the focus here is often on making medical technology corrosion-resistant and wear-resistant. However, our surfaces in this area are subjected to very particular demands. Medical&hellip; <a class=\"more-link\" href=\"https:\/\/www.aurolia.de\/en\/anwendungsbereich-medizintechnik\/\">Continue reading <span class=\"screen-reader-text\">Anwendungsbereich Medizintechnik<\/span><\/a><\/p>\n","protected":false},"author":1,"featured_media":0,"parent":0,"menu_order":0,"comment_status":"closed","ping_status":"closed","template":"","meta":{"footnotes":""},"class_list":["post-576","page","type-page","status-publish","hentry","entry"],"yoast_head":"<!-- This site is optimized with the Yoast SEO plugin v27.4 - https:\/\/yoast.com\/product\/yoast-seo-wordpress\/ -->\n<title>Durable surfaces for medical technology \u2013 protection &amp; hygiene.<\/title>\n<meta name=\"description\" content=\"Corrosion-resistant surfaces for medical technology \u2013 highly resilient against aggressive disinfectants and harsh conditions.\" \/>\n<meta name=\"robots\" content=\"index, follow, max-snippet:-1, max-image-preview:large, max-video-preview:-1\" \/>\n<link rel=\"canonical\" href=\"https:\/\/www.aurolia.de\/en\/anwendungsbereich-medizintechnik\/\" \/>\n<meta property=\"og:locale\" content=\"en_GB\" \/>\n<meta property=\"og:locale:alternate\" content=\"de_DE\" \/>\n<meta property=\"og:type\" content=\"article\" \/>\n<meta property=\"og:title\" content=\"Durable surfaces for medical technology \u2013 protection &amp; hygiene.\" \/>\n<meta property=\"og:description\" content=\"Corrosion-resistant surfaces for medical technology \u2013 highly resilient against aggressive disinfectants and harsh conditions.\" \/>\n<meta property=\"og:url\" content=\"https:\/\/www.aurolia.de\/en\/anwendungsbereich-medizintechnik\/\" \/>\n<meta property=\"og:site_name\" content=\"Aurolia\" \/>\n<meta property=\"article:modified_time\" content=\"2025-04-25T08:43:54+00:00\" \/>\n<meta property=\"og:image\" content=\"https:\/\/www.aurolia.de\/wp-content\/uploads\/2022\/06\/galvanische-meisterwerke-min.jpg\" \/>\n\t<meta property=\"og:image:width\" content=\"525\" \/>\n\t<meta property=\"og:image:height\" content=\"500\" \/>\n\t<meta property=\"og:image:type\" content=\"image\/jpeg\" \/>\n<meta name=\"twitter:card\" content=\"summary_large_image\" \/>\n<meta name=\"twitter:label1\" content=\"Estimated reading time\" \/>\n\t<meta name=\"twitter:data1\" content=\"2 minutes\" \/>\n<!-- \/ Yoast SEO plugin. -->","yoast_head_json":{"title":"Durable surfaces for medical technology \u2013 protection & hygiene.","description":"Corrosion-resistant surfaces for medical technology \u2013 highly resilient against aggressive disinfectants and harsh conditions.","robots":{"index":"index","follow":"follow","max-snippet":"max-snippet:-1","max-image-preview":"max-image-preview:large","max-video-preview":"max-video-preview:-1"},"canonical":"https:\/\/www.aurolia.de\/en\/anwendungsbereich-medizintechnik\/","og_locale":"en_GB","og_type":"article","og_title":"[:de]Robuste Oberfl\u00e4chen f\u00fcr Medizintechnik \u2013 Schutz & Hygiene[:en]Durable surfaces for medical technology \u2013 protection & hygiene.[:]","og_description":"[:de]Korrosionsbest\u00e4ndige Oberfl\u00e4chen f\u00fcr Medizintechnik \u2013 widerstandsf\u00e4hig gegen aggressive Desinfektionsmittel.[:en]Corrosion-resistant surfaces for medical technology \u2013 highly resilient against aggressive disinfectants and harsh conditions.[:]","og_url":"https:\/\/www.aurolia.de\/en\/anwendungsbereich-medizintechnik\/","og_site_name":"Aurolia","article_modified_time":"2025-04-25T08:43:54+00:00","og_image":[{"width":525,"height":500,"url":"https:\/\/www.aurolia.de\/wp-content\/uploads\/2022\/06\/galvanische-meisterwerke-min.jpg","type":"image\/jpeg"}],"twitter_card":"summary_large_image","twitter_misc":{"Estimated reading time":"2 minutes"},"schema":{"@context":"https:\/\/schema.org","@graph":[{"@type":"WebPage","@id":"https:\/\/www.aurolia.de\/anwendungsbereich-medizintechnik\/","url":"https:\/\/www.aurolia.de\/anwendungsbereich-medizintechnik\/","name":"Durable surfaces for medical technology \u2013 protection & hygiene.","isPartOf":{"@id":"https:\/\/www.aurolia.de\/#website"},"datePublished":"2022-06-02T13:58:03+00:00","dateModified":"2025-04-25T08:43:54+00:00","description":"Corrosion-resistant surfaces for medical technology \u2013 highly resilient against aggressive disinfectants and harsh conditions.","inLanguage":"en-GB","potentialAction":[{"@type":"ReadAction","target":["https:\/\/www.aurolia.de\/anwendungsbereich-medizintechnik\/"]}]},{"@type":"WebSite","@id":"https:\/\/www.aurolia.de\/#website","url":"https:\/\/www.aurolia.de\/","name":"Aurolia","description":"Technologies","publisher":{"@id":"https:\/\/www.aurolia.de\/#organization"},"potentialAction":[{"@type":"SearchAction","target":{"@type":"EntryPoint","urlTemplate":"https:\/\/www.aurolia.de\/?s={search_term_string}"},"query-input":{"@type":"PropertyValueSpecification","valueRequired":true,"valueName":"search_term_string"}}],"inLanguage":"en-GB"},{"@type":"Organization","@id":"https:\/\/www.aurolia.de\/#organization","name":"Aurolia","url":"https:\/\/www.aurolia.de\/","logo":{"@type":"ImageObject","inLanguage":"en-GB","@id":"https:\/\/www.aurolia.de\/#\/schema\/logo\/image\/","url":"https:\/\/www.aurolia.de\/wp-content\/uploads\/2022\/05\/cropped-logo.png","contentUrl":"https:\/\/www.aurolia.de\/wp-content\/uploads\/2022\/05\/cropped-logo.png","width":815,"height":408,"caption":"Aurolia"},"image":{"@id":"https:\/\/www.aurolia.de\/#\/schema\/logo\/image\/"}}]}},"_links":{"self":[{"href":"https:\/\/www.aurolia.de\/en\/wp-json\/wp\/v2\/pages\/576","targetHints":{"allow":["GET"]}}],"collection":[{"href":"https:\/\/www.aurolia.de\/en\/wp-json\/wp\/v2\/pages"}],"about":[{"href":"https:\/\/www.aurolia.de\/en\/wp-json\/wp\/v2\/types\/page"}],"author":[{"embeddable":true,"href":"https:\/\/www.aurolia.de\/en\/wp-json\/wp\/v2\/users\/1"}],"replies":[{"embeddable":true,"href":"https:\/\/www.aurolia.de\/en\/wp-json\/wp\/v2\/comments?post=576"}],"version-history":[{"count":0,"href":"https:\/\/www.aurolia.de\/en\/wp-json\/wp\/v2\/pages\/576\/revisions"}],"wp:attachment":[{"href":"https:\/\/www.aurolia.de\/en\/wp-json\/wp\/v2\/media?parent=576"}],"curies":[{"name":"wp","href":"https:\/\/api.w.org\/{rel}","templated":true}]}}