{"id":581,"date":"2022-06-02T15:59:47","date_gmt":"2022-06-02T13:59:47","guid":{"rendered":"https:\/\/www.aurolia.de\/?page_id=581"},"modified":"2025-04-25T10:35:24","modified_gmt":"2025-04-25T08:35:24","slug":"anwendungsbereich-elektrotechnik","status":"publish","type":"page","link":"https:\/\/www.aurolia.de\/en\/anwendungsbereich-elektrotechnik\/","title":{"rendered":"Anwendungsbereich Elektrotechnik"},"content":{"rendered":"<p>[vc_row][vc_column][vc_row_inner el_class=\u201dpage-inner\u201d][vc_column_inner][vc_empty_space height=\u201d120px\u201d][vc_wp_custommenu nav_menu=\u201d5\u2033][vc_empty_space height=\u201d60px\u201d][vc_column_text]<\/p>\n<h1>Electrical Engineering<\/h1>\n<p>[\/vc_column_text][vc_empty_space][\/vc_column_inner][\/vc_row_inner][vc_row_inner el_class=\u201dpage-inner\u201d][vc_column_inner width=\u201d2\/3\u2033][vc_column_text]Digitalization entails: increasing data volumes, more data centers, and a continuously growing energy demand. A large portion of the electricity is used for cooling the servers. To enhance the efficiency of heat sinks, we black anodize them to increase the heat dissipation of the application. This is particularly important for heat sinks with high natural convection. Additionally, the oxide layer acts as an electrical insulator, preventing current leakage across the heat sink.[\/vc_column_text][vc_empty_space][vc_column_text]<\/p>\n<h2>What we can do for you<\/h2>\n<p>[\/vc_column_text][vc_column_text]At the center of attention is always the functionality of machine components. For instance, in Aurolia\u2019s case, hard-anodized components utilize a color pigment with exceptionally high lightfastness. The result: the heat sinks remain durably black and electrically insulating, preventing current leakage and thus avoiding efficiency losses. To achieve electromagnetic compatibility, we can also apply a special passivation process. This process provides high corrosion protection while maintaining electrical conductivity. By combining both methods, it is also possible to define areas for potential equalization.[\/vc_column_text][\/vc_column_inner][vc_column_inner width=\u201d1\/3\u2033][vc_single_image image=\u201d1283\u2033 img_size=\u201d400\u00d7400\u2033][vc_empty_space][vc_single_image image=\u201d1286\u2033 img_size=\u201d400\u00d7400\u2033][\/vc_column_inner][\/vc_row_inner][\/vc_column][\/vc_row][vc_row][vc_column][vc_empty_space height=\u201d100px\u201d][\/vc_column][\/vc_row][vc_row][vc_column][vc_empty_space height=\u201d64px\u201d][vc_row_inner el_class=\u201dpage-inner\u201d][vc_column_inner width=\u201d1\/3\u2033][\/vc_column_inner][vc_column_inner width=\u201d1\/3\u2033][vc_raw_html]JTNDZGl2JTIwaWQlM0QlMjJmb3JtMSUyMiUyMGNsYXNzJTNEJTIybW9kYWwlMjIlM0UlNUJjb250YWN0LWZvcm0tNyUyMGlkJTNEJTIyMTUzNiUyMiUyMHRpdGxlJTNEJTIyUiVDMyVCQ2NrcnVmJTIyJTVEJTNDJTJGZGl2JTNFJTBBJTNDZGl2JTIwY2xhc3MlM0QlMjJ2Y19idG4zLWNvbnRhaW5lciUyMCUyMGJ0biUyMHJvdCUyMHZjX2J0bjMtY2VudGVyJTIyJTNFJTNDYSUyMGhyZWYlM0QlMjIlMjNmb3JtMSUyMiUyMHJlbCUzRCUyMm1vZGFsJTNBb3BlbiUyMiUzRVBsZWFzZSUyMGNhbGwlMjB1cyUzQyUyRmElM0UlM0MlMkZkaXYlM0U=[\/vc_raw_html][\/vc_column_inner][vc_column_inner width=\u201d1\/3\u2033][\/vc_column_inner][\/vc_row_inner][\/vc_column][\/vc_row]<\/p>\n","protected":false},"excerpt":{"rendered":"<p>[vc_row][vc_column][vc_row_inner el_class=\u201dpage-inner\u201d][vc_column_inner][vc_empty_space height=\u201d120px\u201d][vc_wp_custommenu nav_menu=\u201d5\u2033][vc_empty_space height=\u201d60px\u201d][vc_column_text] Electrical Engineering [\/vc_column_text][vc_empty_space][\/vc_column_inner][\/vc_row_inner][vc_row_inner el_class=\u201dpage-inner\u201d][vc_column_inner width=\u201d2\/3\u2033][vc_column_text]Digitalization entails: increasing data volumes, more data centers, and a continuously growing energy demand. A large portion of the electricity is used for cooling the servers. To enhance the efficiency of heat sinks, we black anodize them to increase the heat dissipation of the application. This&hellip; <a class=\"more-link\" href=\"https:\/\/www.aurolia.de\/en\/anwendungsbereich-elektrotechnik\/\">Continue reading <span class=\"screen-reader-text\">Anwendungsbereich Elektrotechnik<\/span><\/a><\/p>\n","protected":false},"author":1,"featured_media":0,"parent":0,"menu_order":0,"comment_status":"closed","ping_status":"closed","template":"","meta":{"footnotes":""},"class_list":["post-581","page","type-page","status-publish","hentry","entry"],"yoast_head":"<!-- This site is optimized with the Yoast SEO plugin v27.4 - https:\/\/yoast.com\/product\/yoast-seo-wordpress\/ -->\n<title>We anodize heat sinks for electrical engineering \u2013 efficient &amp; robust<\/title>\n<meta name=\"description\" content=\"Black anodized heat sinks for better cooling and corrosion protection. Ideal for electrical engineering and data centers.\" \/>\n<meta name=\"robots\" content=\"index, follow, max-snippet:-1, max-image-preview:large, max-video-preview:-1\" \/>\n<link rel=\"canonical\" href=\"https:\/\/www.aurolia.de\/en\/anwendungsbereich-elektrotechnik\/\" \/>\n<meta property=\"og:locale\" content=\"en_GB\" \/>\n<meta property=\"og:locale:alternate\" content=\"de_DE\" \/>\n<meta property=\"og:type\" content=\"article\" \/>\n<meta property=\"og:title\" content=\"We anodize heat sinks for electrical engineering \u2013 efficient &amp; robust\" \/>\n<meta property=\"og:description\" content=\"Black anodized heat sinks for better cooling and corrosion protection. Ideal for electrical engineering and data centers.\" \/>\n<meta property=\"og:url\" content=\"https:\/\/www.aurolia.de\/en\/anwendungsbereich-elektrotechnik\/\" \/>\n<meta property=\"og:site_name\" content=\"Aurolia\" \/>\n<meta property=\"article:modified_time\" content=\"2025-04-25T08:35:24+00:00\" \/>\n<meta property=\"og:image\" content=\"https:\/\/www.aurolia.de\/wp-content\/uploads\/2022\/06\/galvanische-meisterwerke-min.jpg\" \/>\n\t<meta property=\"og:image:width\" content=\"525\" \/>\n\t<meta property=\"og:image:height\" content=\"500\" \/>\n\t<meta property=\"og:image:type\" content=\"image\/jpeg\" \/>\n<meta name=\"twitter:card\" content=\"summary_large_image\" \/>\n<meta name=\"twitter:label1\" content=\"Estimated reading time\" \/>\n\t<meta name=\"twitter:data1\" content=\"2 minutes\" \/>\n<!-- \/ Yoast SEO plugin. -->","yoast_head_json":{"title":"We anodize heat sinks for electrical engineering \u2013 efficient & robust","description":"Black anodized heat sinks for better cooling and corrosion protection. Ideal for electrical engineering and data centers.","robots":{"index":"index","follow":"follow","max-snippet":"max-snippet:-1","max-image-preview":"max-image-preview:large","max-video-preview":"max-video-preview:-1"},"canonical":"https:\/\/www.aurolia.de\/en\/anwendungsbereich-elektrotechnik\/","og_locale":"en_GB","og_type":"article","og_title":"[:de]Wir eloxieren K\u00fchlk\u00f6rper f\u00fcr die Elektrotechnik \u2013 Effizient & robust[:en]We anodize heat sinks for electrical engineering \u2013 efficient & robust[:]","og_description":"[:de]Schwarz eloxierte K\u00fchlk\u00f6rper f\u00fcr bessere K\u00fchlung und Korrosionsschutz. Ideal f\u00fcr Elektrotechnik und Rechenzentren.[:en]Black anodized heat sinks for better cooling and corrosion protection. Ideal for electrical engineering and data centers.[:]","og_url":"https:\/\/www.aurolia.de\/en\/anwendungsbereich-elektrotechnik\/","og_site_name":"Aurolia","article_modified_time":"2025-04-25T08:35:24+00:00","og_image":[{"width":525,"height":500,"url":"https:\/\/www.aurolia.de\/wp-content\/uploads\/2022\/06\/galvanische-meisterwerke-min.jpg","type":"image\/jpeg"}],"twitter_card":"summary_large_image","twitter_misc":{"Estimated reading time":"2 minutes"},"schema":{"@context":"https:\/\/schema.org","@graph":[{"@type":"WebPage","@id":"https:\/\/www.aurolia.de\/anwendungsbereich-elektrotechnik\/","url":"https:\/\/www.aurolia.de\/anwendungsbereich-elektrotechnik\/","name":"We anodize heat sinks for electrical engineering \u2013 efficient & robust","isPartOf":{"@id":"https:\/\/www.aurolia.de\/#website"},"datePublished":"2022-06-02T13:59:47+00:00","dateModified":"2025-04-25T08:35:24+00:00","description":"Black anodized heat sinks for better cooling and corrosion protection. Ideal for electrical engineering and data centers.","inLanguage":"en-GB","potentialAction":[{"@type":"ReadAction","target":["https:\/\/www.aurolia.de\/anwendungsbereich-elektrotechnik\/"]}]},{"@type":"WebSite","@id":"https:\/\/www.aurolia.de\/#website","url":"https:\/\/www.aurolia.de\/","name":"Aurolia","description":"Technologies","publisher":{"@id":"https:\/\/www.aurolia.de\/#organization"},"potentialAction":[{"@type":"SearchAction","target":{"@type":"EntryPoint","urlTemplate":"https:\/\/www.aurolia.de\/?s={search_term_string}"},"query-input":{"@type":"PropertyValueSpecification","valueRequired":true,"valueName":"search_term_string"}}],"inLanguage":"en-GB"},{"@type":"Organization","@id":"https:\/\/www.aurolia.de\/#organization","name":"Aurolia","url":"https:\/\/www.aurolia.de\/","logo":{"@type":"ImageObject","inLanguage":"en-GB","@id":"https:\/\/www.aurolia.de\/#\/schema\/logo\/image\/","url":"https:\/\/www.aurolia.de\/wp-content\/uploads\/2022\/05\/cropped-logo.png","contentUrl":"https:\/\/www.aurolia.de\/wp-content\/uploads\/2022\/05\/cropped-logo.png","width":815,"height":408,"caption":"Aurolia"},"image":{"@id":"https:\/\/www.aurolia.de\/#\/schema\/logo\/image\/"}}]}},"_links":{"self":[{"href":"https:\/\/www.aurolia.de\/en\/wp-json\/wp\/v2\/pages\/581","targetHints":{"allow":["GET"]}}],"collection":[{"href":"https:\/\/www.aurolia.de\/en\/wp-json\/wp\/v2\/pages"}],"about":[{"href":"https:\/\/www.aurolia.de\/en\/wp-json\/wp\/v2\/types\/page"}],"author":[{"embeddable":true,"href":"https:\/\/www.aurolia.de\/en\/wp-json\/wp\/v2\/users\/1"}],"replies":[{"embeddable":true,"href":"https:\/\/www.aurolia.de\/en\/wp-json\/wp\/v2\/comments?post=581"}],"version-history":[{"count":0,"href":"https:\/\/www.aurolia.de\/en\/wp-json\/wp\/v2\/pages\/581\/revisions"}],"wp:attachment":[{"href":"https:\/\/www.aurolia.de\/en\/wp-json\/wp\/v2\/media?parent=581"}],"curies":[{"name":"wp","href":"https:\/\/api.w.org\/{rel}","templated":true}]}}