{"id":586,"date":"2022-06-02T16:01:32","date_gmt":"2022-06-02T14:01:32","guid":{"rendered":"https:\/\/www.aurolia.de\/?page_id=586"},"modified":"2025-04-25T11:12:55","modified_gmt":"2025-04-25T09:12:55","slug":"anwendungsbereich-messtechnik","status":"publish","type":"page","link":"https:\/\/www.aurolia.de\/en\/anwendungsbereich-messtechnik\/","title":{"rendered":"Anwendungsbereich Messtechnik"},"content":{"rendered":"<p>[vc_row][vc_column][vc_row_inner el_class=\u201dpage-inner\u201d][vc_column_inner][vc_empty_space height=\u201d120px\u201d][vc_wp_custommenu nav_menu=\u201d5\u2033][vc_empty_space height=\u201d60px\u201d][vc_column_text]<\/p>\n<h1>Measurement Technology<\/h1>\n<p>[\/vc_column_text][vc_empty_space][\/vc_column_inner][\/vc_row_inner][vc_row_inner el_class=\u201dpage-inner\u201d][vc_column_inner width=\u201d2\/3\u2033][vc_column_text]Even more reliable and increasingly precise: In the field of measurement technology, innovations have regularly come to the market in recent years and decades that would not have been possible without intelligent surface technology. This includes protecting sensitive sensors from external influences that can distort the measurement results. Sometimes, however, the right surface is a prerequisite for precise measurements in the first place. For example, the surface color can have a significant impact on the measurement result.[\/vc_column_text][vc_empty_space][vc_column_text]<\/p>\n<h2>What we can do for you<\/h2>\n<p>[\/vc_column_text][vc_column_text]Especially in optical measurement systems and laser technology, the surface is of crucial importance. Thanks to our glass bead blasting cabinet, we create particularly matte and low-reflection surfaces that provide optimal measuring conditions. Additionally, our surfaces enable quick clamping of the test specimens, which need to be reproducibly and highly precisely positioned to obtain reliable measurement results.[\/vc_column_text][\/vc_column_inner][vc_column_inner width=\u201d1\/3\u2033][vc_single_image image=\u201d624\u2033 img_size=\u201dfull\u201d][\/vc_column_inner][\/vc_row_inner][\/vc_column][\/vc_row][vc_row][vc_column][vc_empty_space height=\u201d100px\u201d][\/vc_column][\/vc_row][vc_row][vc_column][vc_empty_space height=\u201d64px\u201d][vc_row_inner el_class=\u201dpage-inner\u201d][vc_column_inner width=\u201d1\/3\u2033][\/vc_column_inner][vc_column_inner width=\u201d1\/3\u2033][vc_raw_html]JTNDZGl2JTIwaWQlM0QlMjJmb3JtMSUyMiUyMGNsYXNzJTNEJTIybW9kYWwlMjIlM0UlNUJjb250YWN0LWZvcm0tNyUyMGlkJTNEJTIyMTUzNiUyMiUyMHRpdGxlJTNEJTIyUiVDMyVCQ2NrcnVmJTIyJTVEJTNDJTJGZGl2JTNFJTBBJTNDZGl2JTIwY2xhc3MlM0QlMjJ2Y19idG4zLWNvbnRhaW5lciUyMCUyMGJ0biUyMHJvdCUyMHZjX2J0bjMtY2VudGVyJTIyJTNFJTNDYSUyMGhyZWYlM0QlMjIlMjNmb3JtMSUyMiUyMHJlbCUzRCUyMm1vZGFsJTNBb3BlbiUyMiUzRVBsZWFzZSUyMGNhbGwlMjB1cyUzQyUyRmElM0UlM0MlMkZkaXYlM0U=[\/vc_raw_html][\/vc_column_inner][vc_column_inner width=\u201d1\/3\u2033][\/vc_column_inner][\/vc_row_inner][\/vc_column][\/vc_row]<\/p>\n","protected":false},"excerpt":{"rendered":"<p>[vc_row][vc_column][vc_row_inner el_class=\u201dpage-inner\u201d][vc_column_inner][vc_empty_space height=\u201d120px\u201d][vc_wp_custommenu nav_menu=\u201d5\u2033][vc_empty_space height=\u201d60px\u201d][vc_column_text] Measurement Technology [\/vc_column_text][vc_empty_space][\/vc_column_inner][\/vc_row_inner][vc_row_inner el_class=\u201dpage-inner\u201d][vc_column_inner width=\u201d2\/3\u2033][vc_column_text]Even more reliable and increasingly precise: In the field of measurement technology, innovations have regularly come to the market in recent years and decades that would not have been possible without intelligent surface technology. This includes protecting sensitive sensors from external influences that can distort the&hellip; <a class=\"more-link\" href=\"https:\/\/www.aurolia.de\/en\/anwendungsbereich-messtechnik\/\">Continue reading <span class=\"screen-reader-text\">Anwendungsbereich Messtechnik<\/span><\/a><\/p>\n","protected":false},"author":1,"featured_media":0,"parent":0,"menu_order":0,"comment_status":"closed","ping_status":"closed","template":"","meta":{"footnotes":""},"class_list":["post-586","page","type-page","status-publish","hentry","entry"],"yoast_head":"<!-- This site is optimized with the Yoast SEO plugin v27.4 - https:\/\/yoast.com\/product\/yoast-seo-wordpress\/ -->\n<title>Glass bead blasting for matte surfaces in metrology.<\/title>\n<meta name=\"description\" content=\"We create matte, low-reflection surfaces through glass bead blasting for precise measurements and optimal protection.\" \/>\n<meta name=\"robots\" content=\"index, follow, max-snippet:-1, max-image-preview:large, max-video-preview:-1\" \/>\n<link rel=\"canonical\" href=\"https:\/\/www.aurolia.de\/en\/anwendungsbereich-messtechnik\/\" \/>\n<meta property=\"og:locale\" content=\"en_GB\" \/>\n<meta property=\"og:locale:alternate\" content=\"de_DE\" \/>\n<meta property=\"og:type\" content=\"article\" \/>\n<meta property=\"og:title\" content=\"Glass bead blasting for matte surfaces in metrology.\" \/>\n<meta property=\"og:description\" content=\"We create matte, low-reflection surfaces through glass bead blasting for precise measurements and optimal protection.\" \/>\n<meta property=\"og:url\" content=\"https:\/\/www.aurolia.de\/en\/anwendungsbereich-messtechnik\/\" \/>\n<meta property=\"og:site_name\" content=\"Aurolia\" \/>\n<meta property=\"article:modified_time\" content=\"2025-04-25T09:12:55+00:00\" \/>\n<meta property=\"og:image\" content=\"https:\/\/www.aurolia.de\/wp-content\/uploads\/2022\/06\/galvanische-meisterwerke-min.jpg\" \/>\n\t<meta property=\"og:image:width\" content=\"525\" \/>\n\t<meta property=\"og:image:height\" content=\"500\" \/>\n\t<meta property=\"og:image:type\" content=\"image\/jpeg\" \/>\n<meta name=\"twitter:card\" content=\"summary_large_image\" \/>\n<meta name=\"twitter:label1\" content=\"Estimated reading time\" \/>\n\t<meta name=\"twitter:data1\" content=\"2 minutes\" \/>\n<!-- \/ Yoast SEO plugin. -->","yoast_head_json":{"title":"Glass bead blasting for matte surfaces in metrology.","description":"We create matte, low-reflection surfaces through glass bead blasting for precise measurements and optimal protection.","robots":{"index":"index","follow":"follow","max-snippet":"max-snippet:-1","max-image-preview":"max-image-preview:large","max-video-preview":"max-video-preview:-1"},"canonical":"https:\/\/www.aurolia.de\/en\/anwendungsbereich-messtechnik\/","og_locale":"en_GB","og_type":"article","og_title":"[:de]Glasperlenstrahlen f\u00fcr matte Oberfl\u00e4chen in der Messtechnik[:en]Glass bead blasting for matte surfaces in metrology.[:]","og_description":"[:de]Wir erzeugen durch Glasperlenstrahlen matte, reflexionsarme Oberfl\u00e4chen f\u00fcr pr\u00e4zise Messungen und optimalen Schutz.[:en]We create matte, low-reflection surfaces through glass bead blasting for precise measurements and optimal protection.[:]","og_url":"https:\/\/www.aurolia.de\/en\/anwendungsbereich-messtechnik\/","og_site_name":"Aurolia","article_modified_time":"2025-04-25T09:12:55+00:00","og_image":[{"width":525,"height":500,"url":"https:\/\/www.aurolia.de\/wp-content\/uploads\/2022\/06\/galvanische-meisterwerke-min.jpg","type":"image\/jpeg"}],"twitter_card":"summary_large_image","twitter_misc":{"Estimated reading time":"2 minutes"},"schema":{"@context":"https:\/\/schema.org","@graph":[{"@type":"WebPage","@id":"https:\/\/www.aurolia.de\/anwendungsbereich-messtechnik\/","url":"https:\/\/www.aurolia.de\/anwendungsbereich-messtechnik\/","name":"Glass bead blasting for matte surfaces in metrology.","isPartOf":{"@id":"https:\/\/www.aurolia.de\/#website"},"datePublished":"2022-06-02T14:01:32+00:00","dateModified":"2025-04-25T09:12:55+00:00","description":"We create matte, low-reflection surfaces through glass bead blasting for precise measurements and optimal protection.","inLanguage":"en-GB","potentialAction":[{"@type":"ReadAction","target":["https:\/\/www.aurolia.de\/anwendungsbereich-messtechnik\/"]}]},{"@type":"WebSite","@id":"https:\/\/www.aurolia.de\/#website","url":"https:\/\/www.aurolia.de\/","name":"Aurolia","description":"Technologies","publisher":{"@id":"https:\/\/www.aurolia.de\/#organization"},"potentialAction":[{"@type":"SearchAction","target":{"@type":"EntryPoint","urlTemplate":"https:\/\/www.aurolia.de\/?s={search_term_string}"},"query-input":{"@type":"PropertyValueSpecification","valueRequired":true,"valueName":"search_term_string"}}],"inLanguage":"en-GB"},{"@type":"Organization","@id":"https:\/\/www.aurolia.de\/#organization","name":"Aurolia","url":"https:\/\/www.aurolia.de\/","logo":{"@type":"ImageObject","inLanguage":"en-GB","@id":"https:\/\/www.aurolia.de\/#\/schema\/logo\/image\/","url":"https:\/\/www.aurolia.de\/wp-content\/uploads\/2022\/05\/cropped-logo.png","contentUrl":"https:\/\/www.aurolia.de\/wp-content\/uploads\/2022\/05\/cropped-logo.png","width":815,"height":408,"caption":"Aurolia"},"image":{"@id":"https:\/\/www.aurolia.de\/#\/schema\/logo\/image\/"}}]}},"_links":{"self":[{"href":"https:\/\/www.aurolia.de\/en\/wp-json\/wp\/v2\/pages\/586","targetHints":{"allow":["GET"]}}],"collection":[{"href":"https:\/\/www.aurolia.de\/en\/wp-json\/wp\/v2\/pages"}],"about":[{"href":"https:\/\/www.aurolia.de\/en\/wp-json\/wp\/v2\/types\/page"}],"author":[{"embeddable":true,"href":"https:\/\/www.aurolia.de\/en\/wp-json\/wp\/v2\/users\/1"}],"replies":[{"embeddable":true,"href":"https:\/\/www.aurolia.de\/en\/wp-json\/wp\/v2\/comments?post=586"}],"version-history":[{"count":0,"href":"https:\/\/www.aurolia.de\/en\/wp-json\/wp\/v2\/pages\/586\/revisions"}],"wp:attachment":[{"href":"https:\/\/www.aurolia.de\/en\/wp-json\/wp\/v2\/media?parent=586"}],"curies":[{"name":"wp","href":"https:\/\/api.w.org\/{rel}","templated":true}]}}