{"id":593,"date":"2022-06-02T16:03:45","date_gmt":"2022-06-02T14:03:45","guid":{"rendered":"https:\/\/www.aurolia.de\/?page_id=593"},"modified":"2025-04-25T10:32:18","modified_gmt":"2025-04-25T08:32:18","slug":"anwendungsbereich-antriebstechnik","status":"publish","type":"page","link":"https:\/\/www.aurolia.de\/en\/anwendungsbereich-antriebstechnik\/","title":{"rendered":"Anwendungsbereich Antriebstechnik"},"content":{"rendered":"<p>[vc_row][vc_column][vc_row_inner el_class=\u201dpage-inner\u201d][vc_column_inner][vc_empty_space height=\u201d120px\u201d][vc_wp_custommenu nav_menu=\u201d5\u2033][vc_empty_space height=\u201d60px\u201d][vc_column_text]<\/p>\n<h1>Drive Technology<\/h1>\n<p>[\/vc_column_text][vc_empty_space][\/vc_column_inner][\/vc_row_inner][vc_row_inner el_class=\u201dpage-inner\u201d][vc_column_inner width=\u201d2\/3\u2033][vc_column_text]In drive technology, wear- and corrosion-resistant components are in demand. However, another attribute is crucial here: precision. After coating, the individual elements of a direct drive system, where the electric drive and the working machine are directly connected, must fit together perfectly. No problem \u2013 thanks to the electroless nickel plating process, we can guarantee accuracy down to a few hundredths of a millimeter.[\/vc_column_text][vc_empty_space][vc_column_text]<\/p>\n<h2>What we can do for you<\/h2>\n<p>[\/vc_column_text][vc_column_text]Unlike electrochemical processes, electroless nickel plating results in a uniformly thick layer on all sides. It not only provides corrosion protection and significantly improved wear resistance, but it can also be applied with such precision that the target dimension of the fit is achieved through the coating. You define the measure, and we refine it precisely. The high precision of this process is particularly important in drive technology. Compact torque motors with excellent smoothness and high torque at relatively low speeds: The Aurolia surface enables significantly improved efficiency while maintaining high component durability.[\/vc_column_text][\/vc_column_inner][vc_column_inner width=\u201d1\/3\u2033][vc_single_image image=\u201d602\u2033 img_size=\u201dfull\u201d alignment=\u201dright\u201d][\/vc_column_inner][\/vc_row_inner][\/vc_column][\/vc_row][vc_row][vc_column][vc_empty_space height=\u201d100px\u201d][vc_row_inner el_class=\u201dpage-inner\u201d][vc_column_inner width=\u201d1\/3\u2033][vc_single_image image=\u201d604\u2033 img_size=\u201dfull\u201d el_class=\u201dmh-380\u2033][\/vc_column_inner][vc_column_inner width=\u201d1\/3\u2033][vc_single_image image=\u201d605\u2033 img_size=\u201dfull\u201d el_class=\u201dmh-380\u2033][\/vc_column_inner][vc_column_inner width=\u201d1\/3\u2033][vc_single_image image=\u201d606\u2033 img_size=\u201dfull\u201d el_class=\u201dmh-380\u2033][vc_column_text css=\u201d.vc_custom_1676635645795{padding-right: 10px !important;}\u201d]<\/p>\n<p style=\"text-align: right; font-size: 0.75rem;\">Bildnachweis: Fotos by Schaeffler Industrial Drives AG & Co. KG<\/p>\n<p>[\/vc_column_text][\/vc_column_inner][\/vc_row_inner][\/vc_column][\/vc_row][vc_row][vc_column][vc_empty_space height=\u201d64px\u201d][vc_row_inner el_class=\u201dpage-inner\u201d][vc_column_inner width=\u201d1\/3\u2033][\/vc_column_inner][vc_column_inner width=\u201d1\/3\u2033][vc_raw_html]JTNDZGl2JTIwaWQlM0QlMjJmb3JtMSUyMiUyMGNsYXNzJTNEJTIybW9kYWwlMjIlM0UlNUJjb250YWN0LWZvcm0tNyUyMGlkJTNEJTIyMTUzNiUyMiUyMHRpdGxlJTNEJTIyUiVDMyVCQ2NrcnVmJTIyJTVEJTNDJTJGZGl2JTNFJTBBJTNDZGl2JTIwY2xhc3MlM0QlMjJ2Y19idG4zLWNvbnRhaW5lciUyMCUyMGJ0biUyMHJvdCUyMHZjX2J0bjMtY2VudGVyJTIyJTNFJTNDYSUyMGhyZWYlM0QlMjIlMjNmb3JtMSUyMiUyMHJlbCUzRCUyMm1vZGFsJTNBb3BlbiUyMiUzRVBsZWFzZSUyMGNhbGwlMjB1cy4lM0MlMkZhJTNFJTNDJTJGZGl2JTNF[\/vc_raw_html][\/vc_column_inner][vc_column_inner width=\u201d1\/3\u2033][\/vc_column_inner][\/vc_row_inner][\/vc_column][\/vc_row]<\/p>\n","protected":false},"excerpt":{"rendered":"<p>[vc_row][vc_column][vc_row_inner el_class=\u201dpage-inner\u201d][vc_column_inner][vc_empty_space height=\u201d120px\u201d][vc_wp_custommenu nav_menu=\u201d5\u2033][vc_empty_space height=\u201d60px\u201d][vc_column_text] Drive Technology [\/vc_column_text][vc_empty_space][\/vc_column_inner][\/vc_row_inner][vc_row_inner el_class=\u201dpage-inner\u201d][vc_column_inner width=\u201d2\/3\u2033][vc_column_text]In drive technology, wear- and corrosion-resistant components are in demand. However, another attribute is crucial here: precision. After coating, the individual elements of a direct drive system, where the electric drive and the working machine are directly connected, must fit together perfectly. No problem \u2013 thanks&hellip; <a class=\"more-link\" href=\"https:\/\/www.aurolia.de\/en\/anwendungsbereich-antriebstechnik\/\">Continue reading <span class=\"screen-reader-text\">Anwendungsbereich Antriebstechnik<\/span><\/a><\/p>\n","protected":false},"author":1,"featured_media":0,"parent":0,"menu_order":0,"comment_status":"closed","ping_status":"closed","template":"","meta":{"footnotes":""},"class_list":["post-593","page","type-page","status-publish","hentry","entry"],"yoast_head":"<!-- This site is optimized with the Yoast SEO plugin v27.4 - https:\/\/yoast.com\/product\/yoast-seo-wordpress\/ -->\n<title>Chemical Nickel Plating Process for Drive Technology<\/title>\n<meta name=\"description\" content=\"Precise and wear-resistant components for drive technology through chemical nickel plating \u2013 efficient corrosion protection.\" \/>\n<meta name=\"robots\" content=\"index, follow, max-snippet:-1, max-image-preview:large, max-video-preview:-1\" \/>\n<link rel=\"canonical\" href=\"https:\/\/www.aurolia.de\/en\/anwendungsbereich-antriebstechnik\/\" \/>\n<meta property=\"og:locale\" content=\"en_GB\" \/>\n<meta property=\"og:locale:alternate\" content=\"de_DE\" \/>\n<meta property=\"og:type\" content=\"article\" \/>\n<meta property=\"og:title\" content=\"Chemical Nickel Plating Process for Drive Technology\" \/>\n<meta property=\"og:description\" content=\"Precise and wear-resistant components for drive technology through chemical nickel plating \u2013 efficient corrosion protection.\" \/>\n<meta property=\"og:url\" content=\"https:\/\/www.aurolia.de\/en\/anwendungsbereich-antriebstechnik\/\" \/>\n<meta property=\"og:site_name\" content=\"Aurolia\" \/>\n<meta property=\"article:modified_time\" content=\"2025-04-25T08:32:18+00:00\" \/>\n<meta property=\"og:image\" content=\"https:\/\/www.aurolia.de\/wp-content\/uploads\/2022\/06\/galvanische-meisterwerke-min.jpg\" \/>\n\t<meta property=\"og:image:width\" content=\"525\" \/>\n\t<meta property=\"og:image:height\" content=\"500\" \/>\n\t<meta property=\"og:image:type\" content=\"image\/jpeg\" \/>\n<meta name=\"twitter:card\" content=\"summary_large_image\" \/>\n<meta name=\"twitter:label1\" content=\"Estimated reading time\" \/>\n\t<meta name=\"twitter:data1\" content=\"2 minutes\" \/>\n<!-- \/ Yoast SEO plugin. -->","yoast_head_json":{"title":"Chemical Nickel Plating Process for Drive Technology","description":"Precise and wear-resistant components for drive technology through chemical nickel plating \u2013 efficient corrosion protection.","robots":{"index":"index","follow":"follow","max-snippet":"max-snippet:-1","max-image-preview":"max-image-preview:large","max-video-preview":"max-video-preview:-1"},"canonical":"https:\/\/www.aurolia.de\/en\/anwendungsbereich-antriebstechnik\/","og_locale":"en_GB","og_type":"article","og_title":"[:de]Chemisch-Nickel-Verfahren f\u00fcr die Antriebstechnik[:en]Chemical Nickel Plating Process for Drive Technology[:]","og_description":"[:de]Pr\u00e4zise und verschlei\u00dffeste Bauteile f\u00fcr die Antriebstechnik durch chemisches Vernickeln \u2013 effizienter Korrosionsschutz.[:en]Precise and wear-resistant components for drive technology through chemical nickel plating \u2013 efficient corrosion protection.[:]","og_url":"https:\/\/www.aurolia.de\/en\/anwendungsbereich-antriebstechnik\/","og_site_name":"Aurolia","article_modified_time":"2025-04-25T08:32:18+00:00","og_image":[{"width":525,"height":500,"url":"https:\/\/www.aurolia.de\/wp-content\/uploads\/2022\/06\/galvanische-meisterwerke-min.jpg","type":"image\/jpeg"}],"twitter_card":"summary_large_image","twitter_misc":{"Estimated reading time":"2 minutes"},"schema":{"@context":"https:\/\/schema.org","@graph":[{"@type":"WebPage","@id":"https:\/\/www.aurolia.de\/anwendungsbereich-antriebstechnik\/","url":"https:\/\/www.aurolia.de\/anwendungsbereich-antriebstechnik\/","name":"Chemical Nickel Plating Process for Drive Technology","isPartOf":{"@id":"https:\/\/www.aurolia.de\/#website"},"datePublished":"2022-06-02T14:03:45+00:00","dateModified":"2025-04-25T08:32:18+00:00","description":"Precise and wear-resistant components for drive technology through chemical nickel plating \u2013 efficient corrosion protection.","inLanguage":"en-GB","potentialAction":[{"@type":"ReadAction","target":["https:\/\/www.aurolia.de\/anwendungsbereich-antriebstechnik\/"]}]},{"@type":"WebSite","@id":"https:\/\/www.aurolia.de\/#website","url":"https:\/\/www.aurolia.de\/","name":"Aurolia","description":"Technologies","publisher":{"@id":"https:\/\/www.aurolia.de\/#organization"},"potentialAction":[{"@type":"SearchAction","target":{"@type":"EntryPoint","urlTemplate":"https:\/\/www.aurolia.de\/?s={search_term_string}"},"query-input":{"@type":"PropertyValueSpecification","valueRequired":true,"valueName":"search_term_string"}}],"inLanguage":"en-GB"},{"@type":"Organization","@id":"https:\/\/www.aurolia.de\/#organization","name":"Aurolia","url":"https:\/\/www.aurolia.de\/","logo":{"@type":"ImageObject","inLanguage":"en-GB","@id":"https:\/\/www.aurolia.de\/#\/schema\/logo\/image\/","url":"https:\/\/www.aurolia.de\/wp-content\/uploads\/2022\/05\/cropped-logo.png","contentUrl":"https:\/\/www.aurolia.de\/wp-content\/uploads\/2022\/05\/cropped-logo.png","width":815,"height":408,"caption":"Aurolia"},"image":{"@id":"https:\/\/www.aurolia.de\/#\/schema\/logo\/image\/"}}]}},"_links":{"self":[{"href":"https:\/\/www.aurolia.de\/en\/wp-json\/wp\/v2\/pages\/593","targetHints":{"allow":["GET"]}}],"collection":[{"href":"https:\/\/www.aurolia.de\/en\/wp-json\/wp\/v2\/pages"}],"about":[{"href":"https:\/\/www.aurolia.de\/en\/wp-json\/wp\/v2\/types\/page"}],"author":[{"embeddable":true,"href":"https:\/\/www.aurolia.de\/en\/wp-json\/wp\/v2\/users\/1"}],"replies":[{"embeddable":true,"href":"https:\/\/www.aurolia.de\/en\/wp-json\/wp\/v2\/comments?post=593"}],"version-history":[{"count":0,"href":"https:\/\/www.aurolia.de\/en\/wp-json\/wp\/v2\/pages\/593\/revisions"}],"wp:attachment":[{"href":"https:\/\/www.aurolia.de\/en\/wp-json\/wp\/v2\/media?parent=593"}],"curies":[{"name":"wp","href":"https:\/\/api.w.org\/{rel}","templated":true}]}}